{"id":233,"date":"2014-08-20T16:12:05","date_gmt":"2014-08-20T14:12:05","guid":{"rendered":"http:\/\/laloba.pl\/kosmetyka\/?page_id=233"},"modified":"2021-10-26T10:42:27","modified_gmt":"2021-10-26T08:42:27","slug":"pielegnacja-dloni","status":"publish","type":"page","link":"https:\/\/laloba.pl\/kosmetyka\/oferta\/pielegnacja-dloni-i-stop\/pielegnacja-dloni\/","title":{"rendered":"Piel\u0119gnacja d\u0142oni"},"content":{"rendered":"<h5>*Strona<strong> z ofert\u0105 w budowie, wi\u0119kszo\u015b\u0107 informacji z zak\u0142adce oferta jest nieaktualnych.<\/strong><\/h5>\n<h5><strong>*Aktualne informacje w zak\u0142adce <a href=\"https:\/\/laloba.pl\/kosmetyka\/cennik\/\">CENNIK<\/a> oraz przy bezpo\u015brednim <a href=\"https:\/\/laloba.pl\/kosmetyka\/kontakt\/\">KONTAKCIE<\/a> z nami.<\/strong><\/h5>\n<p><strong>D\u0141ONIE<\/strong><\/p>\n<p>Zadbane i pi\u0119kne d\u0142onie s\u0105 wizyt\u00f3wk\u0105 ka\u017cdej kobiety. Korzystnie wp\u0142ywaj\u0105 na samopoczucie, dodaj\u0105 pewno\u015bci siebie, pomagaj\u0105 w budowaniu dobrego wizerunku. Ich estetyczn\u0105 rol\u0119 coraz cz\u0119\u015bciej doceniaj\u0105 tak\u017ce m\u0119\u017cczy\u017ani.<br \/>\nNiestety cz\u0119sty kontakt z wod\u0105 i detergentami, praca, niekorzystne warunki atmosferyczne i zwyczajny brak czasu dla siebie, czyli tak zwana codzienno\u015b\u0107, powoduj\u0105, \u017ce sk\u00f3ra d\u0142oni bardzo szybko traci sw\u00f3j \u0142adny wygl\u0105d, staje si\u0119 sucha i szorstka, szybciej si\u0119 starzeje, a paznokcie robi\u0105 si\u0119 s\u0142abe i \u0142amliwe. Takiemu stanowi rzeczy m\u00f3wimy wi\u0119c NIE! My i nasze d\u0142onie zas\u0142ugujemy na chwil\u0119 spokoju i profesjonalnej, troskliwej piel\u0119gnacji!<br \/>\nDo wyboru mi\u0119dzy innymi: manicure biologiczny i klasyczny, pi\u0119kne kolory lakier\u00f3w (dla pa\u0144 statecznych i nieco szalonych), trwa\u0142e hybrydy, odpr\u0119\u017caj\u0105cy masa\u017c oraz intensywnie piel\u0119gnuj\u0105ce zabiegi.<\/p>\n<ul>\n<li>Manicure klasyczny \u2013 40 z\u0142<\/li>\n<li>Manicure z od\u017cywk\u0105 \u2013 42 z\u0142<\/li>\n<li>Manicure z malowaniem g\u0142adkim \u2013 45 z\u0142<\/li>\n<li>Manicure z malowaniem french \u2013 50 z\u0142<\/li>\n<li>Malowanie paznokci: g\u0142adkie \u2013 20 z\u0142, malowanie french &#8211; 25 z\u0142<\/li>\n<li>Manicure hybrydowy g\u0142adki \u2013 70 z\u0142<\/li>\n<li>Manicure hybrydowy french \u2013 75 z\u0142<\/li>\n<li>Malowanie paznokci lakierem hybrydowym: g\u0142adkie \u2013 40 z\u0142, french &#8211; 45 z\u0142<\/li>\n<li>Usuni\u0119cie lakieru hybrydowego \u2013 15 z\u0142<\/li>\n<li>Zdobienie \u2013 5 &#8211; 25 z\u0142<\/li>\n<li>Maska regeneruj\u0105ca na d\u0142onie jako dodatek do manicure \u2013 20 z\u0142<\/li>\n<li>Masa\u017c d\u0142oni na regeneruj\u0105cej masce jako dodatek do manicure \u2013 25 z\u0142<\/li>\n<li>Zabieg regeneruj\u0105cy na d\u0142onie jako dodatek do manicure \u2013 30 z\u0142<\/li>\n<li>Manicure SPA \u2013 70 z\u0142 (ok. 60 minut), z malowaniem &#8211; 80 z\u0142 (70 minut)<\/li>\n<\/ul>\n<p><strong>MANICURE SPA (Organique)<\/strong> \u2013 zabieg silnie regeneruj\u0105cy na d\u0142onie z masa\u017cem<\/p>\n<p>Pi\u0119kne i zadbane d\u0142onie to nasza najlepsza wizyt\u00f3wka. Ekskluzywny zabieg do d\u0142oni Organique doskonale piel\u0119gnuje i regeneruje nawet najbardziej zm\u0119czon\u0105 i przesuszon\u0105 sk\u00f3r\u0119 d\u0142oni, pozostawiaj\u0105c j\u0105 mi\u0119kk\u0105, g\u0142adk\u0105 i wypiel\u0119gnowan\u0105. \u0141\u0105czy on w sobie moc witamin, regeneruj\u0105cego ekstraktu z per\u0142y, wyg\u0142adzaj\u0105cego jedwabiu, od\u017cywczego ry\u017cu i sk\u0142adnik\u00f3w nawil\u017caj\u0105cych.<\/p>\n<p>Zabieg polecany:<br \/>\n&#8211; ratunkowo \u2013 dla sk\u00f3ry d\u0142oni suchej, zniszczonej, szorstkiej oraz sk\u0142onnej do utraty elastyczno\u015bci<br \/>\n&#8211; piel\u0119gnacyjnie &#8211; jako zabieg anti-age oraz utrzymuj\u0105cy zadbany i estetyczny wygl\u0105d sk\u00f3ry d\u0142oni<\/p>\n<p>Efekty:<br \/>\n&#8211; silna regeneracja i nawil\u017cenie skory d\u0142oni<br \/>\n&#8211; dzia\u0142anie odm\u0142adzaj\u0105ce i wyg\u0142adzaj\u0105ce<br \/>\n&#8211; d\u0142ugotrwa\u0142e uczucie komfortu<br \/>\n&#8211; relaks i odpr\u0119\u017cenie<\/p>\n<p>Etapy zabiegu: oczyszczenie sk\u00f3ry + opracowanie paznokci + peeling + serum + maska + masa\u017c<br \/>\nCzas trwania zabiegu: 50 minut<br \/>\nCena &#8211; 60 z\u0142 (jako dodatek do manicure \u2013 30 z\u0142)<\/p>\n<p>&nbsp;<\/p>\n<p><strong>IBX SYSTEM<\/strong> &#8211; terapia p\u0142ytki paznokcia<\/p>\n<p>IBX SYSTEM to nowy, rewolucyjny produkt regeneruj\u0105cy paznokcie ameryka\u0144skiej marki Famous Names.<br \/>\nTo pierwszy tego rodzaju produkt na \u015bwiecie. Chroniona patentem formu\u0142a opracowana zosta\u0142a tak, aby regenerowa\u0107, wzmacnia\u0107 i chroni\u0107 paznokcie OD \u015aRODKA!<\/p>\n<p>IBX to pierwszy tego rodzaju zabieg. Penetruje p\u0142ytk\u0119 i przenika do jej wn\u0119trza, zamiast zostawa\u0107 na jej powierzchni, jak w przypadku tradycyjnych zabieg\u00f3w czy od\u017cywek do paznokci. IBX wzmacnia paznokcie od \u015brodka, sprawiaj\u0105c jednocze\u015bnie, \u017ce rosn\u0105 one mocne i zdrowe, a p\u0142ytka uzyskuje pi\u0119kny naturalny kolor i zdrowy po\u0142ysk.<\/p>\n<p><strong>JAK DZIA\u0141A IBX SYSTEM:<\/strong><\/p>\n<p>IBX System dzia\u0142a w dwojaki spos\u00f3b:<\/p>\n<p>1. CHRONI PAZNOKCIE &#8211; dzia\u0142a, jak tarcza ochronna pod ka\u017cd\u0105 stylizacj\u0105 \u017celow\u0105 \/ akrylow\u0105 \/ hybrydow\u0105<\/p>\n<p>2. REGENERUJE, WZMACNIA I ODBUDOWUJE PAZNOKCIE &#8211; dzia\u0142a, jak system wzmacniaj\u0105cy i odbudowuj\u0105cy naturalne paznokcie (wyg\u0142adza i scala p\u0142ytk\u0119, dzia\u0142a naprawczo na uszkodzenia mechaniczne, redukuje bruzdy, p\u0119kni\u0119cia i bia\u0142e plamki)<\/p>\n<p>DLA KOGO:<br \/>\nSystem IBX zosta\u0142 stworzony z my\u015bl\u0105 o tym, aby chroni\u0107 naturalne paznokcie i wzmacnia\u0107 je od \u015brodka.<\/p>\n<p>Jest polecany, je\u015bli paznokcie:<\/p>\n<ul>\n<li>s\u0105 zniszczone od d\u0142ugotrwa\u0142ego noszenia stylizacji \u017celowej \/ akrylowej \/ tips\u00f3w \/ hybryd<\/li>\n<li>s\u0105 s\u0142abe, cienkie i mi\u0119kkie jak papier<\/li>\n<li>rozdwajaj\u0105 si\u0119 i \u0142uszcz\u0105<\/li>\n<li>maj\u0105 bia\u0142e plamki<\/li>\n<li>maj\u0105 bruzdy<\/li>\n<li>maj\u0105 jakiekolwiek uszkodzenia czy p\u0119kni\u0119cia<\/li>\n<li>s\u0105 ci\u0105gle kr\u00f3tkie i nie mo\u017cesz ich zapu\u015bci\u0107, bo s\u0105 kruche i si\u0119 \u0142ami\u0105<\/li>\n<\/ul>\n<p>Je\u017celi dotyczy Ci\u0119 kt\u00f3rykolwiek z tych problem\u00f3w \u2013 zabieg IBX jest dla Ciebie!<\/p>\n<p>CENA:<br \/>\nsamodzielny zabieg &#8211; terapia p\u0142ytki paznokcia<br \/>\n30 z\u0142 \u2013 pierwsza aplikacja<br \/>\n25 z\u0142 \u2013 ka\u017cda kolejna aplikacja<\/p>\n<p>do wybranego zabiegu manicure \/ pedicure<br \/>\n25 z\u0142 \u2013 pierwsza aplikacja<br \/>\n20 z\u0142 \u2013 ka\u017cda kolejna aplikacja<\/p>\n<p>Najcz\u0119\u015bciej zadawane pytaniadotycz\u0105ce stosowania systemu IBX:<br \/>\n<strong>1. Co to jest IBX i jak to dzia\u0142a?<\/strong><br \/>\nIBX to przenikaj\u0105cy, utwardzany system monomer\u00f3w, kt\u00f3ry wnika w p\u0142ytk\u0119, powoduj\u0105c jej wzmocnienie od \u015brodka (nie wida\u0107 go na zewn\u0105trz p\u0142ytki)<\/p>\n<p><strong>2. Czy po aplikacji IBX mo\u017cna na\u0142o\u017cy\u0107 lakier, hybryd\u0119, \u017cel lub akryl?<\/strong><br \/>\nTak, jest to nawet wskazane, gdy\u017c IBX nie tylko regeneruje paznokcie, ale tak\u017ce chroni je przed potencjalnymi zniszczeniami. Dodatkowym atutem jest przed\u0142u\u017cenie trwa\u0142o\u015bci wybranej stylizacji.<\/p>\n<p><strong>3. Jak cz\u0119sto nale\u017cy powtarza\u0107 zabieg?<\/strong><br \/>\nJe\u015bli paznokcie s\u0105 zniszczone zaczynamy od zabiegu raz w tygodniu, nast\u0119pnie co dwa tygodnie i miesi\u0105c \u2013 dla podtrzymania efektu. Nie zaleca si\u0119 robi\u0107 zabieg\u00f3w IBX cz\u0119\u015bciej ni\u017c raz w tygodniu.<br \/>\nSystem zosta\u0142 zaprojektowany tak, aby pom\u00f3c w spos\u00f3b narastaj\u0105cy,\u00a0skumulowany odbudowa\u0107 i wzmocni\u0107 naturalne paznokcie. Oznacza to,\u00a0\u017ce kiedy ju\u017c widzimy popraw\u0119, jeden zabieg na dwa, a potem na trzy\u00a0tygodnie w zupe\u0142no\u015bci wystarczy!<\/p>\n<p><strong>4. Jak szybko wida\u0107 efekty?<\/strong><br \/>\nNie ma jednej odpowiedzi, poniewa\u017c ka\u017cdy z nas ma inne paznokcie. Poprawa jest widoczna ju\u017c po pierwszym zabiegu, jednak w zale\u017cno\u015bci od stopnia os\u0142abienia \/ zniszczenia p\u0142ytki paznokcia pe\u0142ny efekt mo\u017ce by\u0107 widoczny po np. dw\u00f3ch, trzech lub czterech zabiegach.<\/p>\n","protected":false},"excerpt":{"rendered":"<p>*Strona z ofert\u0105 w budowie, wi\u0119kszo\u015b\u0107 informacji z zak\u0142adce oferta jest nieaktualnych. *Aktualne informacje w zak\u0142adce CENNIK oraz przy bezpo\u015brednim KONTAKCIE z nami. D\u0141ONIE Zadbane i pi\u0119kne d\u0142onie s\u0105 wizyt\u00f3wk\u0105 ka\u017cdej kobiety. Korzystnie wp\u0142ywaj\u0105 na samopoczucie, dodaj\u0105 pewno\u015bci siebie, pomagaj\u0105 w budowaniu dobrego wizerunku. Ich estetyczn\u0105 rol\u0119 coraz cz\u0119\u015bciej doceniaj\u0105 tak\u017ce m\u0119\u017cczy\u017ani. Niestety cz\u0119sty kontakt z wod\u0105 i detergentami, praca,<\/p>\n<div class=\"h10\"><\/div>\n<p><a class=\"more-link2 flat\" href=\"https:\/\/laloba.pl\/kosmetyka\/oferta\/pielegnacja-dloni-i-stop\/pielegnacja-dloni\/\">Czytaj wi\u0119cej<\/a><\/p>\n","protected":false},"author":3,"featured_media":0,"parent":231,"menu_order":0,"comment_status":"closed","ping_status":"closed","template":"","meta":[],"yoast_head":"<!-- This site is optimized with the Yoast SEO Premium plugin v18.4 (Yoast SEO v19.6.1) - https:\/\/yoast.com\/wordpress\/plugins\/seo\/ -->\n<title>Piel\u0119gnacja d\u0142oni - Gabinet Kosmetyczny LaLoba<\/title>\n<meta name=\"robots\" content=\"index, follow, max-snippet:-1, max-image-preview:large, max-video-preview:-1\" \/>\n<link rel=\"canonical\" href=\"https:\/\/laloba.pl\/kosmetyka\/oferta\/pielegnacja-dloni-i-stop\/pielegnacja-dloni\/\" \/>\n<meta property=\"og:locale\" content=\"pl_PL\" \/>\n<meta property=\"og:type\" content=\"article\" \/>\n<meta property=\"og:title\" content=\"Piel\u0119gnacja d\u0142oni\" \/>\n<meta property=\"og:description\" content=\"*Strona z ofert\u0105 w budowie, wi\u0119kszo\u015b\u0107 informacji z zak\u0142adce oferta jest nieaktualnych. *Aktualne informacje w zak\u0142adce CENNIK oraz przy bezpo\u015brednim KONTAKCIE z nami. D\u0141ONIE Zadbane i pi\u0119kne d\u0142onie s\u0105 wizyt\u00f3wk\u0105 ka\u017cdej kobiety. Korzystnie wp\u0142ywaj\u0105 na samopoczucie, dodaj\u0105 pewno\u015bci siebie, pomagaj\u0105 w budowaniu dobrego wizerunku. Ich estetyczn\u0105 rol\u0119 coraz cz\u0119\u015bciej doceniaj\u0105 tak\u017ce m\u0119\u017cczy\u017ani. Niestety cz\u0119sty kontakt z wod\u0105 i detergentami, praca,Czytaj wi\u0119cej\" \/>\n<meta property=\"og:url\" content=\"https:\/\/laloba.pl\/kosmetyka\/oferta\/pielegnacja-dloni-i-stop\/pielegnacja-dloni\/\" \/>\n<meta property=\"og:site_name\" content=\"Gabinet Kosmetyczny LaLoba\" \/>\n<meta property=\"article:modified_time\" content=\"2021-10-26T08:42:27+00:00\" \/>\n<meta name=\"twitter:card\" content=\"summary\" \/>\n<meta name=\"twitter:label1\" content=\"Szacowany czas czytania\" \/>\n\t<meta name=\"twitter:data1\" content=\"5 minut\" \/>\n<script type=\"application\/ld+json\" class=\"yoast-schema-graph\">{\"@context\":\"https:\/\/schema.org\",\"@graph\":[{\"@type\":\"WebPage\",\"@id\":\"https:\/\/laloba.pl\/kosmetyka\/oferta\/pielegnacja-dloni-i-stop\/pielegnacja-dloni\/\",\"url\":\"https:\/\/laloba.pl\/kosmetyka\/oferta\/pielegnacja-dloni-i-stop\/pielegnacja-dloni\/\",\"name\":\"Piel\u0119gnacja d\u0142oni - Gabinet Kosmetyczny LaLoba\",\"isPartOf\":{\"@id\":\"https:\/\/laloba.pl\/kosmetyka\/#website\"},\"datePublished\":\"2014-08-20T14:12:05+00:00\",\"dateModified\":\"2021-10-26T08:42:27+00:00\",\"breadcrumb\":{\"@id\":\"https:\/\/laloba.pl\/kosmetyka\/oferta\/pielegnacja-dloni-i-stop\/pielegnacja-dloni\/#breadcrumb\"},\"inLanguage\":\"pl-PL\",\"potentialAction\":[{\"@type\":\"ReadAction\",\"target\":[\"https:\/\/laloba.pl\/kosmetyka\/oferta\/pielegnacja-dloni-i-stop\/pielegnacja-dloni\/\"]}]},{\"@type\":\"BreadcrumbList\",\"@id\":\"https:\/\/laloba.pl\/kosmetyka\/oferta\/pielegnacja-dloni-i-stop\/pielegnacja-dloni\/#breadcrumb\",\"itemListElement\":[{\"@type\":\"ListItem\",\"position\":1,\"name\":\"Strona g\u0142\u00f3wna\",\"item\":\"https:\/\/laloba.pl\/kosmetyka\/\"},{\"@type\":\"ListItem\",\"position\":2,\"name\":\"Oferta\",\"item\":\"https:\/\/laloba.pl\/kosmetyka\/oferta\/\"},{\"@type\":\"ListItem\",\"position\":3,\"name\":\"Piel\u0119gnacja d\u0142oni i st\u00f3p\",\"item\":\"https:\/\/laloba.pl\/kosmetyka\/oferta\/pielegnacja-dloni-i-stop\/\"},{\"@type\":\"ListItem\",\"position\":4,\"name\":\"Piel\u0119gnacja d\u0142oni\"}]},{\"@type\":\"WebSite\",\"@id\":\"https:\/\/laloba.pl\/kosmetyka\/#website\",\"url\":\"https:\/\/laloba.pl\/kosmetyka\/\",\"name\":\"Gabinet Kosmetyczny LaLoba\",\"description\":\"LaLoba Care&amp;Activity\",\"potentialAction\":[{\"@type\":\"SearchAction\",\"target\":{\"@type\":\"EntryPoint\",\"urlTemplate\":\"https:\/\/laloba.pl\/kosmetyka\/?s={search_term_string}\"},\"query-input\":\"required name=search_term_string\"}],\"inLanguage\":\"pl-PL\"}]}<\/script>\n<!-- \/ Yoast SEO Premium plugin. -->","yoast_head_json":{"title":"Piel\u0119gnacja d\u0142oni - Gabinet Kosmetyczny LaLoba","robots":{"index":"index","follow":"follow","max-snippet":"max-snippet:-1","max-image-preview":"max-image-preview:large","max-video-preview":"max-video-preview:-1"},"canonical":"https:\/\/laloba.pl\/kosmetyka\/oferta\/pielegnacja-dloni-i-stop\/pielegnacja-dloni\/","og_locale":"pl_PL","og_type":"article","og_title":"Piel\u0119gnacja d\u0142oni","og_description":"*Strona z ofert\u0105 w budowie, wi\u0119kszo\u015b\u0107 informacji z zak\u0142adce oferta jest nieaktualnych. *Aktualne informacje w zak\u0142adce CENNIK oraz przy bezpo\u015brednim KONTAKCIE z nami. D\u0141ONIE Zadbane i pi\u0119kne d\u0142onie s\u0105 wizyt\u00f3wk\u0105 ka\u017cdej kobiety. Korzystnie wp\u0142ywaj\u0105 na samopoczucie, dodaj\u0105 pewno\u015bci siebie, pomagaj\u0105 w budowaniu dobrego wizerunku. Ich estetyczn\u0105 rol\u0119 coraz cz\u0119\u015bciej doceniaj\u0105 tak\u017ce m\u0119\u017cczy\u017ani. Niestety cz\u0119sty kontakt z wod\u0105 i detergentami, praca,Czytaj wi\u0119cej","og_url":"https:\/\/laloba.pl\/kosmetyka\/oferta\/pielegnacja-dloni-i-stop\/pielegnacja-dloni\/","og_site_name":"Gabinet Kosmetyczny LaLoba","article_modified_time":"2021-10-26T08:42:27+00:00","twitter_card":"summary","twitter_misc":{"Szacowany czas czytania":"5 minut"},"schema":{"@context":"https:\/\/schema.org","@graph":[{"@type":"WebPage","@id":"https:\/\/laloba.pl\/kosmetyka\/oferta\/pielegnacja-dloni-i-stop\/pielegnacja-dloni\/","url":"https:\/\/laloba.pl\/kosmetyka\/oferta\/pielegnacja-dloni-i-stop\/pielegnacja-dloni\/","name":"Piel\u0119gnacja d\u0142oni - Gabinet Kosmetyczny LaLoba","isPartOf":{"@id":"https:\/\/laloba.pl\/kosmetyka\/#website"},"datePublished":"2014-08-20T14:12:05+00:00","dateModified":"2021-10-26T08:42:27+00:00","breadcrumb":{"@id":"https:\/\/laloba.pl\/kosmetyka\/oferta\/pielegnacja-dloni-i-stop\/pielegnacja-dloni\/#breadcrumb"},"inLanguage":"pl-PL","potentialAction":[{"@type":"ReadAction","target":["https:\/\/laloba.pl\/kosmetyka\/oferta\/pielegnacja-dloni-i-stop\/pielegnacja-dloni\/"]}]},{"@type":"BreadcrumbList","@id":"https:\/\/laloba.pl\/kosmetyka\/oferta\/pielegnacja-dloni-i-stop\/pielegnacja-dloni\/#breadcrumb","itemListElement":[{"@type":"ListItem","position":1,"name":"Strona g\u0142\u00f3wna","item":"https:\/\/laloba.pl\/kosmetyka\/"},{"@type":"ListItem","position":2,"name":"Oferta","item":"https:\/\/laloba.pl\/kosmetyka\/oferta\/"},{"@type":"ListItem","position":3,"name":"Piel\u0119gnacja d\u0142oni i st\u00f3p","item":"https:\/\/laloba.pl\/kosmetyka\/oferta\/pielegnacja-dloni-i-stop\/"},{"@type":"ListItem","position":4,"name":"Piel\u0119gnacja d\u0142oni"}]},{"@type":"WebSite","@id":"https:\/\/laloba.pl\/kosmetyka\/#website","url":"https:\/\/laloba.pl\/kosmetyka\/","name":"Gabinet Kosmetyczny LaLoba","description":"LaLoba Care&amp;Activity","potentialAction":[{"@type":"SearchAction","target":{"@type":"EntryPoint","urlTemplate":"https:\/\/laloba.pl\/kosmetyka\/?s={search_term_string}"},"query-input":"required name=search_term_string"}],"inLanguage":"pl-PL"}]}},"_links":{"self":[{"href":"https:\/\/laloba.pl\/kosmetyka\/wp-json\/wp\/v2\/pages\/233"}],"collection":[{"href":"https:\/\/laloba.pl\/kosmetyka\/wp-json\/wp\/v2\/pages"}],"about":[{"href":"https:\/\/laloba.pl\/kosmetyka\/wp-json\/wp\/v2\/types\/page"}],"author":[{"embeddable":true,"href":"https:\/\/laloba.pl\/kosmetyka\/wp-json\/wp\/v2\/users\/3"}],"replies":[{"embeddable":true,"href":"https:\/\/laloba.pl\/kosmetyka\/wp-json\/wp\/v2\/comments?post=233"}],"version-history":[{"count":1,"href":"https:\/\/laloba.pl\/kosmetyka\/wp-json\/wp\/v2\/pages\/233\/revisions"}],"predecessor-version":[{"id":8766,"href":"https:\/\/laloba.pl\/kosmetyka\/wp-json\/wp\/v2\/pages\/233\/revisions\/8766"}],"up":[{"embeddable":true,"href":"https:\/\/laloba.pl\/kosmetyka\/wp-json\/wp\/v2\/pages\/231"}],"wp:attachment":[{"href":"https:\/\/laloba.pl\/kosmetyka\/wp-json\/wp\/v2\/media?parent=233"}],"curies":[{"name":"wp","href":"https:\/\/api.w.org\/{rel}","templated":true}]}}