{"id":4391,"date":"2019-10-22T20:23:37","date_gmt":"2019-10-22T18:23:37","guid":{"rendered":"http:\/\/laloba.pl\/kosmetyka\/?page_id=4391"},"modified":"2023-03-27T10:30:34","modified_gmt":"2023-03-27T08:30:34","slug":"gabinet-kosmetyczny-laloba-opinie","status":"publish","type":"page","link":"https:\/\/laloba.pl\/kosmetyka\/gabinet-kosmetyczny-laloba-opinie\/","title":{"rendered":"Oce\u0144 nasz gabinet"},"content":{"rendered":"<p>[vc_row][vc_column][vc_column_text]<\/p>\n<h3><strong>Dzi\u0119kujemy za zaufanie i wizyt\u0119 w naszym gabinecie kosmetycznym.<\/strong><\/h3>\n<p>W naszej pracy chodzi o spe\u0142nianie Waszych potrzeb. Staramy si\u0119 doradza\u0107, podpowiada\u0107 najlepsze rozwi\u0105zania a czasem odradza\u0107 te nienajlepsze.. Wykonujemy zabiegi z pe\u0142nym zaanga\u017cowaniem, chcemy by\u0107 profesjonalne i korzystamy z najlepszej dost\u0119pnej wiedzy a tak\u017ce na bie\u017c\u0105co szkolimy si\u0119 z nowo\u015bci bran\u017cowych. Jeste\u015bmy wdzi\u0119czne, \u017ce wybieracie w\u0142a\u015bnie nasz gabinet!<\/p>\n<p>Chcemy nadal si\u0119 rozwija\u0107 i i\u015b\u0107 do przodu. Mo\u017cesz nam w tym pom\u00f3c i za t\u0105 pomoc b\u0119dziemy bardzo wdzi\u0119czne.<br \/>\n<strong>Jak to zrobi\u0107?<\/strong> Wystarczy, \u017ce wystawisz nam opini\u0119, cho\u0107by kilka s\u0142\u00f3w oraz odpowiedni\u0105 ilo\u015b\u0107 gwiazdek, w Google oraz na Facebooku, je\u015bli oczywi\u015bcie korzystasz z tych portali.<\/p>\n<h3><strong>Gabinet Kosmetyczny LaLoba &#8211; opinie. Jak mo\u017cna je wystawi\u0107?<\/strong><\/h3>\n<p>Najbardziej warto\u015bciowe to te pisane od serca! W zupe\u0142no\u015bci wystarczy informacja o rodzaju wybranego zabiegu, odczuciach po jego wykonaniu czy dwa s\u0142owa o atmosferze panuj\u0105cej w gabinecie.[\/vc_column_text][\/vc_column][\/vc_row][vc_row][vc_column width=&#8221;1\/3&#8243;][\/vc_column][vc_column width=&#8221;1\/3&#8243;][vc_column_text]<\/p>\n<p style=\"text-align: center;\"><span style=\"font-size: medium;\"><span style=\"font-family: Ubuntu;\"><span style=\"font-family: Lato;\"><b>Aby wystawi\u0107 opini\u0119 w <\/b><strong>Google <\/strong><b>kliknij &gt;<\/b><b><a href=\"https:\/\/g.page\/r\/CYDznaMBbyuaEAg\/review\" data-cke-saved-href=\"https:\/\/g.page\/r\/CYDznaMBbyuaEAg\/review\">tutaj<\/a><\/b><b>&lt; lub w obrazek poni\u017cej.<\/b><\/span><\/span><\/span><span style=\"font-size: medium;\"><span style=\"font-family: Ubuntu;\"><span style=\"font-family: Lato;\"><br \/>\n<\/span><\/span><\/span><\/p>\n<p><a href=\"https:\/\/g.page\/r\/CYDznaMBbyuaEBM\/review\"><img loading=\"lazy\" class=\"wp-image-9137 size-medium aligncenter\" src=\"https:\/\/laloba.pl\/kosmetyka\/wp-content\/uploads\/opinie_google-300x114.webp\" alt=\"gabinet kosmetyczny laloba opinie\" width=\"300\" height=\"114\" srcset=\"https:\/\/laloba.pl\/kosmetyka\/wp-content\/uploads\/opinie_google-300x114.webp 300w, https:\/\/laloba.pl\/kosmetyka\/wp-content\/uploads\/opinie_google.webp 456w\" sizes=\"(max-width: 300px) 100vw, 300px\" \/><\/a>[\/vc_column_text]<div class=\"boc_divider_holder\"><div class=\"boc_divider  \"  style=\"margin-top: 20px;margin-bottom: 20px;width: 40px;margin-left: auto; margin-right: auto;height: 3px;background: #eeeeee;\"><\/div><\/div>[\/vc_column][\/vc_row][vc_row][vc_column width=&#8221;1\/3&#8243;][\/vc_column][vc_column width=&#8221;1\/3&#8243;][vc_column_text]<\/p>\n<div style=\"text-align: center;\" align=\"center\"><\/div>\n<div style=\"text-align: center;\" align=\"center\"><span style=\"font-size: medium;\"><span style=\"font-family: Ubuntu;\"><span style=\"font-family: Lato;\"><b>Aby wystawi\u0107 opini\u0119 na <\/b><strong>Facebooku<\/strong><b> kliknij &gt;<a href=\"https:\/\/www.facebook.com\/kosmetyka.wellness\/reviews\" data-cke-saved-href=\"https:\/\/www.facebook.com\/kosmetyka.wellness\/reviews\">tutaj<\/a>&lt; lub w obrazek poni\u017cej.<\/b><\/span><\/span><\/span><\/div>\n<div align=\"center\"><a href=\"https:\/\/www.facebook.com\/kosmetyka.wellness\/reviews\" data-cke-saved-href=\"https:\/\/www.facebook.com\/kosmetyka.wellness\/reviews\"><span style=\"font-size: medium;\"><span style=\"font-family: Ubuntu;\"><span style=\"font-family: Lato;\"><img loading=\"lazy\" class=\"aligncenter wp-image-9718 size-medium\" src=\"https:\/\/laloba.pl\/kosmetyka\/wp-content\/uploads\/opinie_facebook-1-300x114.webp\" alt=\"gabinet kosmetyczny laloba opinie\" width=\"300\" height=\"114\" srcset=\"https:\/\/laloba.pl\/kosmetyka\/wp-content\/uploads\/opinie_facebook-1-300x114.webp 300w, https:\/\/laloba.pl\/kosmetyka\/wp-content\/uploads\/opinie_facebook-1.webp 456w\" sizes=\"(max-width: 300px) 100vw, 300px\" \/><\/span><\/span><\/span><\/a><\/div>\n<p>[\/vc_column_text][\/vc_column][\/vc_row][vc_row][vc_column][vc_column_text]Dzi\u0119kujemy!<\/p>\n<p>Agnieszka i Agata z Gabinetu Kosmetycznego LaLoba[\/vc_column_text][\/vc_column][\/vc_row]<\/p>\n","protected":false},"excerpt":{"rendered":"<p>[vc_row][vc_column][vc_column_text] Dzi\u0119kujemy za zaufanie i wizyt\u0119 w naszym gabinecie kosmetycznym. W naszej pracy chodzi o spe\u0142nianie Waszych potrzeb. Staramy si\u0119 doradza\u0107, podpowiada\u0107 najlepsze rozwi\u0105zania a czasem odradza\u0107 te nienajlepsze.. Wykonujemy zabiegi z pe\u0142nym zaanga\u017cowaniem, chcemy by\u0107 profesjonalne i korzystamy z najlepszej dost\u0119pnej wiedzy a tak\u017ce na bie\u017c\u0105co szkolimy si\u0119 z nowo\u015bci bran\u017cowych. Jeste\u015bmy wdzi\u0119czne, \u017ce wybieracie w\u0142a\u015bnie nasz gabinet! Chcemy<\/p>\n<div class=\"h10\"><\/div>\n<p><a class=\"more-link2 flat\" href=\"https:\/\/laloba.pl\/kosmetyka\/gabinet-kosmetyczny-laloba-opinie\/\">Czytaj wi\u0119cej<\/a><\/p>\n","protected":false},"author":3,"featured_media":0,"parent":0,"menu_order":0,"comment_status":"closed","ping_status":"closed","template":"","meta":[],"yoast_head":"<!-- This site is optimized with the Yoast SEO Premium plugin v18.4 (Yoast SEO v19.6.1) - https:\/\/yoast.com\/wordpress\/plugins\/seo\/ -->\n<title>Oce\u0144 nasz gabinet - Gabinet Kosmetyczny LaLoba<\/title>\n<meta name=\"description\" content=\"Twoja opinia jest bardzo wa\u017cna! Je\u015bli jeste\u015b nasz\u0105 klientk\u0105, zach\u0119camy do podzielenia si\u0119 wra\u017ceniami. Gabinet Kosmetyczny LaLoba - opinie.\" \/>\n<meta name=\"robots\" content=\"index, follow, max-snippet:-1, max-image-preview:large, max-video-preview:-1\" \/>\n<link rel=\"canonical\" href=\"https:\/\/laloba.pl\/kosmetyka\/gabinet-kosmetyczny-laloba-opinie\/\" \/>\n<meta property=\"og:locale\" content=\"pl_PL\" \/>\n<meta property=\"og:type\" content=\"article\" \/>\n<meta property=\"og:title\" content=\"Oce\u0144 nasz gabinet\" \/>\n<meta property=\"og:description\" content=\"Twoja opinia jest bardzo wa\u017cna! Je\u015bli jeste\u015b nasz\u0105 klientk\u0105, zach\u0119camy do podzielenia si\u0119 wra\u017ceniami. Gabinet Kosmetyczny LaLoba - opinie.\" \/>\n<meta property=\"og:url\" content=\"https:\/\/laloba.pl\/kosmetyka\/gabinet-kosmetyczny-laloba-opinie\/\" \/>\n<meta property=\"og:site_name\" content=\"Gabinet Kosmetyczny LaLoba\" \/>\n<meta property=\"article:modified_time\" content=\"2023-03-27T08:30:34+00:00\" \/>\n<meta property=\"og:image\" content=\"https:\/\/laloba.pl\/kosmetyka\/wp-content\/uploads\/opinie_google-300x114.webp\" \/>\n<meta name=\"twitter:card\" content=\"summary\" \/>\n<meta name=\"twitter:label1\" content=\"Szacowany czas czytania\" \/>\n\t<meta name=\"twitter:data1\" content=\"2 minuty\" \/>\n<script type=\"application\/ld+json\" class=\"yoast-schema-graph\">{\"@context\":\"https:\/\/schema.org\",\"@graph\":[{\"@type\":\"WebPage\",\"@id\":\"https:\/\/laloba.pl\/kosmetyka\/gabinet-kosmetyczny-laloba-opinie\/\",\"url\":\"https:\/\/laloba.pl\/kosmetyka\/gabinet-kosmetyczny-laloba-opinie\/\",\"name\":\"Oce\u0144 nasz gabinet - Gabinet Kosmetyczny LaLoba\",\"isPartOf\":{\"@id\":\"https:\/\/laloba.pl\/kosmetyka\/#website\"},\"datePublished\":\"2019-10-22T18:23:37+00:00\",\"dateModified\":\"2023-03-27T08:30:34+00:00\",\"description\":\"Twoja opinia jest bardzo wa\u017cna! Je\u015bli jeste\u015b nasz\u0105 klientk\u0105, zach\u0119camy do podzielenia si\u0119 wra\u017ceniami. Gabinet Kosmetyczny LaLoba - opinie.\",\"breadcrumb\":{\"@id\":\"https:\/\/laloba.pl\/kosmetyka\/gabinet-kosmetyczny-laloba-opinie\/#breadcrumb\"},\"inLanguage\":\"pl-PL\",\"potentialAction\":[{\"@type\":\"ReadAction\",\"target\":[\"https:\/\/laloba.pl\/kosmetyka\/gabinet-kosmetyczny-laloba-opinie\/\"]}]},{\"@type\":\"BreadcrumbList\",\"@id\":\"https:\/\/laloba.pl\/kosmetyka\/gabinet-kosmetyczny-laloba-opinie\/#breadcrumb\",\"itemListElement\":[{\"@type\":\"ListItem\",\"position\":1,\"name\":\"Strona g\u0142\u00f3wna\",\"item\":\"https:\/\/laloba.pl\/kosmetyka\/\"},{\"@type\":\"ListItem\",\"position\":2,\"name\":\"Oce\u0144 nasz gabinet\"}]},{\"@type\":\"WebSite\",\"@id\":\"https:\/\/laloba.pl\/kosmetyka\/#website\",\"url\":\"https:\/\/laloba.pl\/kosmetyka\/\",\"name\":\"Gabinet Kosmetyczny LaLoba\",\"description\":\"LaLoba Care&amp;Activity\",\"potentialAction\":[{\"@type\":\"SearchAction\",\"target\":{\"@type\":\"EntryPoint\",\"urlTemplate\":\"https:\/\/laloba.pl\/kosmetyka\/?s={search_term_string}\"},\"query-input\":\"required name=search_term_string\"}],\"inLanguage\":\"pl-PL\"}]}<\/script>\n<!-- \/ Yoast SEO Premium plugin. -->","yoast_head_json":{"title":"Oce\u0144 nasz gabinet - Gabinet Kosmetyczny LaLoba","description":"Twoja opinia jest bardzo wa\u017cna! Je\u015bli jeste\u015b nasz\u0105 klientk\u0105, zach\u0119camy do podzielenia si\u0119 wra\u017ceniami. Gabinet Kosmetyczny LaLoba - opinie.","robots":{"index":"index","follow":"follow","max-snippet":"max-snippet:-1","max-image-preview":"max-image-preview:large","max-video-preview":"max-video-preview:-1"},"canonical":"https:\/\/laloba.pl\/kosmetyka\/gabinet-kosmetyczny-laloba-opinie\/","og_locale":"pl_PL","og_type":"article","og_title":"Oce\u0144 nasz gabinet","og_description":"Twoja opinia jest bardzo wa\u017cna! Je\u015bli jeste\u015b nasz\u0105 klientk\u0105, zach\u0119camy do podzielenia si\u0119 wra\u017ceniami. Gabinet Kosmetyczny LaLoba - opinie.","og_url":"https:\/\/laloba.pl\/kosmetyka\/gabinet-kosmetyczny-laloba-opinie\/","og_site_name":"Gabinet Kosmetyczny LaLoba","article_modified_time":"2023-03-27T08:30:34+00:00","og_image":[{"url":"https:\/\/laloba.pl\/kosmetyka\/wp-content\/uploads\/opinie_google-300x114.webp"}],"twitter_card":"summary","twitter_misc":{"Szacowany czas czytania":"2 minuty"},"schema":{"@context":"https:\/\/schema.org","@graph":[{"@type":"WebPage","@id":"https:\/\/laloba.pl\/kosmetyka\/gabinet-kosmetyczny-laloba-opinie\/","url":"https:\/\/laloba.pl\/kosmetyka\/gabinet-kosmetyczny-laloba-opinie\/","name":"Oce\u0144 nasz gabinet - Gabinet Kosmetyczny LaLoba","isPartOf":{"@id":"https:\/\/laloba.pl\/kosmetyka\/#website"},"datePublished":"2019-10-22T18:23:37+00:00","dateModified":"2023-03-27T08:30:34+00:00","description":"Twoja opinia jest bardzo wa\u017cna! Je\u015bli jeste\u015b nasz\u0105 klientk\u0105, zach\u0119camy do podzielenia si\u0119 wra\u017ceniami. Gabinet Kosmetyczny LaLoba - opinie.","breadcrumb":{"@id":"https:\/\/laloba.pl\/kosmetyka\/gabinet-kosmetyczny-laloba-opinie\/#breadcrumb"},"inLanguage":"pl-PL","potentialAction":[{"@type":"ReadAction","target":["https:\/\/laloba.pl\/kosmetyka\/gabinet-kosmetyczny-laloba-opinie\/"]}]},{"@type":"BreadcrumbList","@id":"https:\/\/laloba.pl\/kosmetyka\/gabinet-kosmetyczny-laloba-opinie\/#breadcrumb","itemListElement":[{"@type":"ListItem","position":1,"name":"Strona g\u0142\u00f3wna","item":"https:\/\/laloba.pl\/kosmetyka\/"},{"@type":"ListItem","position":2,"name":"Oce\u0144 nasz gabinet"}]},{"@type":"WebSite","@id":"https:\/\/laloba.pl\/kosmetyka\/#website","url":"https:\/\/laloba.pl\/kosmetyka\/","name":"Gabinet Kosmetyczny LaLoba","description":"LaLoba Care&amp;Activity","potentialAction":[{"@type":"SearchAction","target":{"@type":"EntryPoint","urlTemplate":"https:\/\/laloba.pl\/kosmetyka\/?s={search_term_string}"},"query-input":"required name=search_term_string"}],"inLanguage":"pl-PL"}]}},"_links":{"self":[{"href":"https:\/\/laloba.pl\/kosmetyka\/wp-json\/wp\/v2\/pages\/4391"}],"collection":[{"href":"https:\/\/laloba.pl\/kosmetyka\/wp-json\/wp\/v2\/pages"}],"about":[{"href":"https:\/\/laloba.pl\/kosmetyka\/wp-json\/wp\/v2\/types\/page"}],"author":[{"embeddable":true,"href":"https:\/\/laloba.pl\/kosmetyka\/wp-json\/wp\/v2\/users\/3"}],"replies":[{"embeddable":true,"href":"https:\/\/laloba.pl\/kosmetyka\/wp-json\/wp\/v2\/comments?post=4391"}],"version-history":[{"count":28,"href":"https:\/\/laloba.pl\/kosmetyka\/wp-json\/wp\/v2\/pages\/4391\/revisions"}],"predecessor-version":[{"id":9723,"href":"https:\/\/laloba.pl\/kosmetyka\/wp-json\/wp\/v2\/pages\/4391\/revisions\/9723"}],"wp:attachment":[{"href":"https:\/\/laloba.pl\/kosmetyka\/wp-json\/wp\/v2\/media?parent=4391"}],"curies":[{"name":"wp","href":"https:\/\/api.w.org\/{rel}","templated":true}]}}