{"id":65,"date":"2014-08-13T00:07:52","date_gmt":"2014-08-12T22:07:52","guid":{"rendered":"http:\/\/laloba.pl\/kosmetyka\/?page_id=65"},"modified":"2023-04-06T21:55:58","modified_gmt":"2023-04-06T19:55:58","slug":"henna-depilacja-twarzy","status":"publish","type":"page","link":"https:\/\/laloba.pl\/kosmetyka\/oferta\/henna-depilacja-twarzy\/","title":{"rendered":"Henna, depilacja twarzy"},"content":{"rendered":"<h5>*Strona<strong> z ofert\u0105 w budowie, wi\u0119kszo\u015b\u0107 informacji z zak\u0142adce oferta jest nieaktualnych.<\/strong><\/h5>\n<h5><strong>*Aktualne informacje w zak\u0142adce <a href=\"https:\/\/laloba.pl\/kosmetyka\/cennik\/\">CENNIK<\/a> oraz przy bezpo\u015brednim <a href=\"https:\/\/laloba.pl\/kosmetyka\/kontakt\/\">KONTAKCIE<\/a> z nami.<\/strong><\/h5>\n<p>&nbsp;<\/p>\n<p>[vc_row][vc_column][vc_column_text]<strong>ZABIEGI UPI\u0118KSZAJ\u0104CE &#8211; HENNA, MAKIJA\u017b,\u00a0STYLIZACJA RZ\u0118S<\/strong><\/p>\n<p>Ka\u017cda z nas, kobiet, chce wygl\u0105da\u0107 \u0142adnie. Nie tylko od \u201e\u015bwi\u0119ta\u201d, ale te\u017c tak zwyczajnie \u2013 na co dzie\u0144. Czasu na codzienne malowanie bywa niestety ma\u0142o, na szcz\u0119\u015bcie wsp\u00f3\u0142czesna kosmetyka oferuje nam szereg zabieg\u00f3w upi\u0119kszaj\u0105cych i u\u0142atwiaj\u0105cych \u017cycie.<br \/>\nNie\u015bmiertelna henna i regulacja s\u0105 niezast\u0105pione \u2013 dobrze wystylizowane brwi i rz\u0119sy stanowi\u0105 \u0142adn\u0105 opraw\u0119 oczu, podkre\u015blaj\u0105 ich naturalny kszta\u0142t i kolor, koryguj\u0105 rysy twarzy, a nawet odejmuj\u0105 lat.<br \/>\nNa specjalne okazje (i nie tylko) mamy w ofercie profesjonalny makija\u017c oraz trwa\u0142e przed\u0142u\u017canie i zag\u0119szczanie rz\u0119s metod\u0105 1:1\u2013 efekt zdumiewaj\u0105cy!<br \/>\nA na co dzie\u0144, dla u\u0142atwienia \u017cycia \u2013 zw\u0142aszcza na urlopowe wyjazdy i dla pa\u0144 aktywnych, korzystaj\u0105cych np. z basenu i sauny \u2013 proponujemy semi-trwa\u0142e tuszowanie rz\u0119s, kt\u00f3rego najwi\u0119ksz\u0105 zalet\u0105 jest to, \u017ce nigdy, przenigdy si\u0119 nie rozmazuje.[\/vc_column_text][\/vc_column][\/vc_row][vc_row][vc_column]\n\t\t<!--New Tabs-->\n\t\t<div class=\"newtabs clearfix horizontal \">\n\t\t\t<ul class=\"resp-tabs-list\">\n\t\t\t<\/ul>\n\t\t\t<div class=\"resp-tabs-container\">\n\t\t<div class=\"single_tab_div\" rel-title=\"Henna\" rel-icon=\"\">[vc_column_text]<\/p>\n<ul>\n<li>Regulacja brwi \u2013 15 z\u0142<\/li>\n<li>Henna brwi \u2013 20 z\u0142<\/li>\n<li>Henna brwi + regulacja \u2013 25 z\u0142<\/li>\n<li>Henna rz\u0119s \u2013 20 z\u0142<\/li>\n<li>Henna rz\u0119s + henna brwi \u2013 30 z\u0142<\/li>\n<li>Komplet (henna brwi + rz\u0119s + regulacja) \u2013 35 z\u0142<\/li>\n<\/ul>\n<p>[\/vc_column_text]<\/div><div class=\"single_tab_div\" rel-title=\"Makija\u017c\" rel-icon=\"\">[vc_column_text]<\/p>\n<ul>\n<li>Dzienny \u2013 60 z\u0142, jako dodatek do zabiegu kosmetycznego na twarz \u2013 40 z\u0142<\/li>\n<li>Wieczorowy \/ okazjonalny \u2013 80 z\u0142<\/li>\n<li>\u015alubny: twarz, szyja, dekolt \u2013 110 z\u0142<\/li>\n<li>\u015alubny pr\u00f3bny \u2013 75 z\u0142<\/li>\n<li>\u015alubny pr\u00f3bny i finalny \u2013 150 z\u0142<\/li>\n<li>K\u0119pki rz\u0119s \u2013 3 z\u0142 \/ szt<\/li>\n<li>Wype\u0142niacz zmarszczek (efekt natychmiastowego liftingu) \u2013 20 \u2013 25 z\u0142<\/li>\n<\/ul>\n<p>[\/vc_column_text]<\/div><div class=\"single_tab_div\" rel-title=\"Trwa\u0142e tuszowanie rz\u0119s\" rel-icon=\"\">[vc_column_text]<strong>TRWA\u0141E (SEMI-PERMANENTNE) TUSZOWANIE RZ\u0118S \u2013 BLACK\u00a0LASHES<\/strong><\/p>\n<ul>\n<li>Rz\u0119sy g\u00f3rne i dolne (ok 1 h) \u2013 80 z\u0142<\/li>\n<li>Rz\u0119sy dolne \u2013 30 z\u0142<\/li>\n<li>Usuni\u0119cie preparatu \u2013 bezp\u0142atne<\/li>\n<\/ul>\n<p>Trwa\u0142e tuszowanie rz\u0119s to spos\u00f3b na pi\u0119kne, czarne i wyraziste rz\u0119sy 24 godziny na dob\u0119. Efekt ten utrzymuj\u0119 si\u0119 nawet do 3-4 tygodni. Specjalny, czarny tusz (pigment) pokrywa rz\u0119sy od nasady a\u017c po ko\u0144ce, wyd\u0142u\u017caj\u0105c je, lekko podkr\u0119caj\u0105c i znacznie dodaj\u0105c obj\u0119to\u015bci. Tusz ten jest hipoalergiczny i zupe\u0142nie bezpieczny dla oka oraz samych rz\u0119s. Po wyschni\u0119ciu staje si\u0119 wodoodporny i niezwykle trwa\u0142y, nie rozmazuje si\u0119 nawet podczas ulewnego deszczu. Efekt \u2013 absolutna wygoda i pi\u0119kne, wyraziste rz\u0119sy bez codziennego malowania. Rewelacyjne rozwi\u0105zanie na wakacje, dla os\u00f3b chodz\u0105cych na saun\u0119, basen lub po prostu ceni\u0105cych sobie praktyczno\u015b\u0107, wygod\u0119 i atrakcyjny wygl\u0105d.<\/p>\n<p>Osoby nosz\u0105ce szk\u0142a kontaktowe powinny je zdj\u0105\u0107 na czas zabiegu.<br \/>\nPo oko\u0142o 3-4 tygodniach wskazane jest usuni\u0119cie tuszu przez kosmetyczk\u0119 za pomoc\u0105 specjalnego preparatu. W\u00f3wczas mo\u017cna ponownie powt\u00f3rzy\u0107 zabieg tuszowania.<\/p>\n<p><strong>Piel\u0119gnacja rz\u0119s po zabiegu:<\/strong><br \/>\nTrwa\u0142o\u015b\u0107 pigmentu jest uzale\u017cniona od \u015bcis\u0142ego przestrzegania zasad piel\u0119gnacji.<br \/>\n\u2013 Nie wolno samodzielnie zmywa\u0107 lub wykrusza\u0107 pigmentu z rz\u0119s, gdy\u017c mo\u017ce to spowodowa\u0107 ich uszkodzenie i utrudni\u0107 regeneracj\u0119. Usuwanie tuszu powinno by\u0107 wykonywane w gabinecie przy u\u017cyciu specjalnego preparatu.<br \/>\n\u2013 Przez pierwsze 24 h po zabiegu powinno si\u0119 unika\u0107 kontaktu rz\u0119s z wod\u0105, jak r\u00f3wnie\u017c sauny, solarium i basenu.<br \/>\n\u2013 Do demakija\u017cu oczu nale\u017cy u\u017cywa\u0107 wy\u0142\u0105cznie preparat\u00f3w o bezt\u0142uszczowej formule, np. p\u0142ynu micelarnego, nie zawieraj\u0105cego substancji PEG.<br \/>\n\u2013 Nale\u017cy unika\u0107 kontaktu rz\u0119s z t\u0142ustymi substancjami (np. mleczka, p\u0142yny dwufazowe, kremy, olejki). Nale\u017cy je aplikowa\u0107 z omini\u0119ciem rz\u0119s, gdy\u017c wszelkie preparaty na bazie olejowej mog\u0105 powodowa\u0107 os\u0142abienie pigmentu.<br \/>\n\u2013 Na pokryte pigmentem rz\u0119sy nie powinno si\u0119 stosowa\u0107 zalotki.<\/p>\n<p>Przeciwwskazania do wykonywania zabiegu trwa\u0142ego tuszowania rz\u0119s:<br \/>\n\u2013 choroby alergiczne oczu<br \/>\n\u2013 zapalenie spoj\u00f3wki<br \/>\n\u2013 ca\u0142kowity brak rz\u0119s<br \/>\n\u2013 trichotillomania (nerwowe, bezwiedne wyrywanie rz\u0119s)[\/vc_column_text]<\/div><div class=\"single_tab_div\" rel-title=\"Przed\u0142u\u017canie i zag\u0119szczanie rz\u0119s 1:1\" rel-icon=\"\">[vc_column_text]Za\u0142o\u017cenie rz\u0119s (czas ok. 2,5 h) \u2013 200 z\u0142<\/p>\n<p>Uzupe\u0142nianie*:<br \/>\nUzupe\u0142nienie do 4 tygodni \u2013 100 \u2013 120 z\u0142<br \/>\nUzupe\u0142nienie 4 \u2013 6 tygodni \u2013 120 \u2013 140 z\u0142<br \/>\nUzupe\u0142nienie 6 \u2013 8 tygodni \u2013 140 -160 z\u0142<\/p>\n<p>\u015aci\u0105gni\u0119cie rz\u0119s \u2013 do 50 z\u0142<\/p>\n<p>* Cena uzupe\u0142nienia zale\u017cna jest od czasu, kt\u00f3ry min\u0105\u0142 od ich za\u0142o\u017cenia (lub ostatniego uzupe\u0142nienia) oraz od ilo\u015bci powsta\u0142ych ubytk\u00f3w. Podane ceny uzupe\u0142nienia s\u0105 pogl\u0105dowe.<\/p>\n<p>Metoda przed\u0142u\u017cania rz\u0119s polegaj\u0105ca na przyklejeniu rz\u0119sy z syntetycznego jedwabiu do rz\u0119sy naturalnej (jedna do jednej), co daje doskona\u0142y efekt przed\u0142u\u017cenia, pogrubienia i zag\u0119szczenia. Efekt ten, w zale\u017cno\u015bci od oczekiwa\u0144 klientki mo\u017ce by\u0107 zar\u00f3wno bardzo naturalny, jak i mocny, bardzo wyrazisty.<br \/>\nRz\u0119sy doklejane wykonane s\u0105 z najwy\u017cszej jako\u015b\u0107 syntetycznego jedwabiu. Idealnie imituj\u0105 naturalne rz\u0119sy \u2013 s\u0105 elastyczne, lekkie i anatomicznie wyprofilowane. Grubo\u015b\u0107 i d\u0142ugo\u015b\u0107 rz\u0119s jest dostosowana do d\u0142ugo\u015bci i grubo\u015bci naturalnej rz\u0119sy. Aby efekt by\u0142 naturalny dobierane s\u0105 rz\u0119sy r\u00f3\u017cnej d\u0142ugo\u015bci. Ilo\u015b\u0107 to oko\u0142o 30-50 rz\u0119s na jedno oko.<br \/>\nSpecjalny medyczny klej dzi\u0119ki kt\u00f3remu przymocowuje si\u0119 rz\u0119s\u0119 jest bardzo bezpieczny, trwa\u0142y i elastyczny przez co nie narusza w\u0142a\u015bciwo\u015bci naturalnych rz\u0119s. Mo\u017ce by\u0107 stosowany tak\u017ce do oczu wra\u017cliwych.<br \/>\nOsoby nosz\u0105ce szk\u0142a kontaktowe powinny je zdj\u0105\u0107 na czas zabiegu.<\/p>\n<p>Efekt przed\u0142u\u017cenia utrzymuje si\u0119 w przybli\u017ceniu 2 -3 miesi\u0119cy i jest uzale\u017cniony od naturalnego cyklu \u017cywotno\u015bci rz\u0119sy. D\u0142ugo\u015b\u0107 \u017cycia naturalnej rz\u0119sy wynosi oko\u0142o 90 dni. Zabieg przed\u0142u\u017cania wykonuje si\u0119 na rz\u0119sach w \u015brodkowym stadium wzrostu, a wi\u0119c takich, kt\u00f3re pozostan\u0105 na powiece jeszcze oko\u0142o 45 dni. Przyklejaj\u0105c sztuczne rz\u0119sy nie mo\u017cna dok\u0142adnie okre\u015bli\u0107 na jakim etapie s\u0105 naturalne rz\u0119sy. Dlatego potrzebne s\u0105 w takich zabiegach uzupe\u0142nienia, kt\u00f3re wykonuje si\u0119 po oko\u0142o 3- 4 tygodniach dla podtrzymania po\u017c\u0105danego efektu.<\/p>\n<p>Piel\u0119gnacja rz\u0119s po zabiegu:<br \/>\nTrwa\u0142o\u015b\u0107 rz\u0119s jest uzale\u017cniona od \u015bcis\u0142ego przestrzegania zasad ich piel\u0119gnacji.<br \/>\n\u2013 Nie wolno samodzielnie usuwa\u0107 lub wyrywa\u0107 przed\u0142u\u017conych rz\u0119s, gdy\u017c mo\u017ce to spowodowa\u0107 ich uszkodzenie i utrudni\u0107 regeneracj\u0119. Usuwanie rz\u0119s powinno by\u0107 wykonywane w gabinecie przy u\u017cyciu specjalnego preparatu.<br \/>\n\u2013 Przez pierwsze 24 h po zabiegu powinno si\u0119 unika\u0107 kontaktu rz\u0119s z woda, jak r\u00f3wnie\u017c sauny, solarium i basenu.<br \/>\n\u2013 Rz\u0119sy mo\u017cna malowa\u0107, ale tylko tzw. maskarami wodnymi. Nie nale\u017cy u\u017cywa\u0107 maskar trwa\u0142ych (na bazie olejowej) i wodoodpornych.<br \/>\n\u2013 Do demakija\u017cu oczu nale\u017cy u\u017cywa\u0107 wy\u0142\u0105cznie preparat\u00f3w o bezt\u0142uszczowej formule, np. p\u0142ynu micelarnego, nie zawieraj\u0105cego substancji PEG.<br \/>\n\u2013 Nale\u017cy unika\u0107 kontaktu rz\u0119s z t\u0142ustymi substancjami (np. mleczka, p\u0142yny dwufazowe, kremy, olejki). Nale\u017cy je aplikowa\u0107 z omini\u0119ciem rz\u0119s, gdy\u017c wszelkie preparaty na bazie olejowej mog\u0105 powodowa\u0107 os\u0142abienie dzia\u0142ania kleju.<br \/>\n\u2013 Na przed\u0142u\u017cone rz\u0119sy nie powinno si\u0119 stosowa\u0107 zalotki.<\/p>\n<p>Przeciwwskazania do wykonywania zabiegu przed\u0142u\u017cania rz\u0119s metod\u0105 1:1:<br \/>\n\u2013 choroby alergiczne oczu<br \/>\n\u2013 zapalenie spoj\u00f3wki<br \/>\n\u2013 ca\u0142kowity brak rz\u0119s<br \/>\n\u2013 nadpobudliwo\u015b\u0107 i brak cierpliwo\u015bci<br \/>\n\u2013 trichotillomania (nerwowe, bezwiedne wyrywanie rz\u0119s)[\/vc_column_text]<\/div><\/div>\n\t\t\t\t<\/div>[\/vc_column][\/vc_row]<\/p>\n","protected":false},"excerpt":{"rendered":"<p>*Strona z ofert\u0105 w budowie, wi\u0119kszo\u015b\u0107 informacji z zak\u0142adce oferta jest nieaktualnych. *Aktualne informacje w zak\u0142adce CENNIK oraz przy bezpo\u015brednim KONTAKCIE z nami. &nbsp; [vc_row][vc_column][vc_column_text]ZABIEGI UPI\u0118KSZAJ\u0104CE &#8211; HENNA, MAKIJA\u017b,\u00a0STYLIZACJA RZ\u0118S Ka\u017cda z nas, kobiet, chce wygl\u0105da\u0107 \u0142adnie. Nie tylko od \u201e\u015bwi\u0119ta\u201d, ale te\u017c tak zwyczajnie \u2013 na co dzie\u0144. Czasu na codzienne malowanie bywa niestety ma\u0142o, na szcz\u0119\u015bcie wsp\u00f3\u0142czesna kosmetyka<\/p>\n<div class=\"h10\"><\/div>\n<p><a class=\"more-link2 flat\" href=\"https:\/\/laloba.pl\/kosmetyka\/oferta\/henna-depilacja-twarzy\/\">Czytaj wi\u0119cej<\/a><\/p>\n","protected":false},"author":3,"featured_media":0,"parent":96,"menu_order":0,"comment_status":"closed","ping_status":"closed","template":"","meta":[],"yoast_head":"<!-- This site is optimized with the Yoast SEO Premium plugin v18.4 (Yoast SEO v19.6.1) - https:\/\/yoast.com\/wordpress\/plugins\/seo\/ -->\n<title>Henna, depilacja twarzy - Gabinet Kosmetyczny LaLoba<\/title>\n<meta name=\"robots\" content=\"index, follow, max-snippet:-1, max-image-preview:large, max-video-preview:-1\" \/>\n<link rel=\"canonical\" href=\"https:\/\/laloba.pl\/kosmetyka\/oferta\/henna-depilacja-twarzy\/\" \/>\n<meta property=\"og:locale\" content=\"pl_PL\" \/>\n<meta property=\"og:type\" content=\"article\" \/>\n<meta property=\"og:title\" content=\"Henna, depilacja twarzy\" \/>\n<meta property=\"og:description\" content=\"*Strona z ofert\u0105 w budowie, wi\u0119kszo\u015b\u0107 informacji z zak\u0142adce oferta jest nieaktualnych. *Aktualne informacje w zak\u0142adce CENNIK oraz przy bezpo\u015brednim KONTAKCIE z nami. &nbsp; [vc_row][vc_column][vc_column_text]ZABIEGI UPI\u0118KSZAJ\u0104CE &#8211; HENNA, MAKIJA\u017b,\u00a0STYLIZACJA RZ\u0118S Ka\u017cda z nas, kobiet, chce wygl\u0105da\u0107 \u0142adnie. Nie tylko od \u201e\u015bwi\u0119ta\u201d, ale te\u017c tak zwyczajnie \u2013 na co dzie\u0144. Czasu na codzienne malowanie bywa niestety ma\u0142o, na szcz\u0119\u015bcie wsp\u00f3\u0142czesna kosmetykaCzytaj wi\u0119cej\" \/>\n<meta property=\"og:url\" content=\"https:\/\/laloba.pl\/kosmetyka\/oferta\/henna-depilacja-twarzy\/\" \/>\n<meta property=\"og:site_name\" content=\"Gabinet Kosmetyczny LaLoba\" \/>\n<meta property=\"article:modified_time\" content=\"2023-04-06T19:55:58+00:00\" \/>\n<meta name=\"twitter:card\" content=\"summary\" \/>\n<meta name=\"twitter:label1\" content=\"Szacowany czas czytania\" \/>\n\t<meta name=\"twitter:data1\" content=\"6 minut\" \/>\n<script type=\"application\/ld+json\" class=\"yoast-schema-graph\">{\"@context\":\"https:\/\/schema.org\",\"@graph\":[{\"@type\":\"WebPage\",\"@id\":\"https:\/\/laloba.pl\/kosmetyka\/oferta\/henna-depilacja-twarzy\/\",\"url\":\"https:\/\/laloba.pl\/kosmetyka\/oferta\/henna-depilacja-twarzy\/\",\"name\":\"Henna, depilacja twarzy - Gabinet Kosmetyczny LaLoba\",\"isPartOf\":{\"@id\":\"https:\/\/laloba.pl\/kosmetyka\/#website\"},\"datePublished\":\"2014-08-12T22:07:52+00:00\",\"dateModified\":\"2023-04-06T19:55:58+00:00\",\"breadcrumb\":{\"@id\":\"https:\/\/laloba.pl\/kosmetyka\/oferta\/henna-depilacja-twarzy\/#breadcrumb\"},\"inLanguage\":\"pl-PL\",\"potentialAction\":[{\"@type\":\"ReadAction\",\"target\":[\"https:\/\/laloba.pl\/kosmetyka\/oferta\/henna-depilacja-twarzy\/\"]}]},{\"@type\":\"BreadcrumbList\",\"@id\":\"https:\/\/laloba.pl\/kosmetyka\/oferta\/henna-depilacja-twarzy\/#breadcrumb\",\"itemListElement\":[{\"@type\":\"ListItem\",\"position\":1,\"name\":\"Strona g\u0142\u00f3wna\",\"item\":\"https:\/\/laloba.pl\/kosmetyka\/\"},{\"@type\":\"ListItem\",\"position\":2,\"name\":\"Oferta\",\"item\":\"https:\/\/laloba.pl\/kosmetyka\/oferta\/\"},{\"@type\":\"ListItem\",\"position\":3,\"name\":\"Henna, depilacja twarzy\"}]},{\"@type\":\"WebSite\",\"@id\":\"https:\/\/laloba.pl\/kosmetyka\/#website\",\"url\":\"https:\/\/laloba.pl\/kosmetyka\/\",\"name\":\"Gabinet Kosmetyczny LaLoba\",\"description\":\"LaLoba Care&amp;Activity\",\"potentialAction\":[{\"@type\":\"SearchAction\",\"target\":{\"@type\":\"EntryPoint\",\"urlTemplate\":\"https:\/\/laloba.pl\/kosmetyka\/?s={search_term_string}\"},\"query-input\":\"required name=search_term_string\"}],\"inLanguage\":\"pl-PL\"}]}<\/script>\n<!-- \/ Yoast SEO Premium plugin. -->","yoast_head_json":{"title":"Henna, depilacja twarzy - Gabinet Kosmetyczny LaLoba","robots":{"index":"index","follow":"follow","max-snippet":"max-snippet:-1","max-image-preview":"max-image-preview:large","max-video-preview":"max-video-preview:-1"},"canonical":"https:\/\/laloba.pl\/kosmetyka\/oferta\/henna-depilacja-twarzy\/","og_locale":"pl_PL","og_type":"article","og_title":"Henna, depilacja twarzy","og_description":"*Strona z ofert\u0105 w budowie, wi\u0119kszo\u015b\u0107 informacji z zak\u0142adce oferta jest nieaktualnych. *Aktualne informacje w zak\u0142adce CENNIK oraz przy bezpo\u015brednim KONTAKCIE z nami. &nbsp; [vc_row][vc_column][vc_column_text]ZABIEGI UPI\u0118KSZAJ\u0104CE &#8211; HENNA, MAKIJA\u017b,\u00a0STYLIZACJA RZ\u0118S Ka\u017cda z nas, kobiet, chce wygl\u0105da\u0107 \u0142adnie. Nie tylko od \u201e\u015bwi\u0119ta\u201d, ale te\u017c tak zwyczajnie \u2013 na co dzie\u0144. Czasu na codzienne malowanie bywa niestety ma\u0142o, na szcz\u0119\u015bcie wsp\u00f3\u0142czesna kosmetykaCzytaj wi\u0119cej","og_url":"https:\/\/laloba.pl\/kosmetyka\/oferta\/henna-depilacja-twarzy\/","og_site_name":"Gabinet Kosmetyczny LaLoba","article_modified_time":"2023-04-06T19:55:58+00:00","twitter_card":"summary","twitter_misc":{"Szacowany czas czytania":"6 minut"},"schema":{"@context":"https:\/\/schema.org","@graph":[{"@type":"WebPage","@id":"https:\/\/laloba.pl\/kosmetyka\/oferta\/henna-depilacja-twarzy\/","url":"https:\/\/laloba.pl\/kosmetyka\/oferta\/henna-depilacja-twarzy\/","name":"Henna, depilacja twarzy - Gabinet Kosmetyczny LaLoba","isPartOf":{"@id":"https:\/\/laloba.pl\/kosmetyka\/#website"},"datePublished":"2014-08-12T22:07:52+00:00","dateModified":"2023-04-06T19:55:58+00:00","breadcrumb":{"@id":"https:\/\/laloba.pl\/kosmetyka\/oferta\/henna-depilacja-twarzy\/#breadcrumb"},"inLanguage":"pl-PL","potentialAction":[{"@type":"ReadAction","target":["https:\/\/laloba.pl\/kosmetyka\/oferta\/henna-depilacja-twarzy\/"]}]},{"@type":"BreadcrumbList","@id":"https:\/\/laloba.pl\/kosmetyka\/oferta\/henna-depilacja-twarzy\/#breadcrumb","itemListElement":[{"@type":"ListItem","position":1,"name":"Strona g\u0142\u00f3wna","item":"https:\/\/laloba.pl\/kosmetyka\/"},{"@type":"ListItem","position":2,"name":"Oferta","item":"https:\/\/laloba.pl\/kosmetyka\/oferta\/"},{"@type":"ListItem","position":3,"name":"Henna, depilacja twarzy"}]},{"@type":"WebSite","@id":"https:\/\/laloba.pl\/kosmetyka\/#website","url":"https:\/\/laloba.pl\/kosmetyka\/","name":"Gabinet Kosmetyczny LaLoba","description":"LaLoba Care&amp;Activity","potentialAction":[{"@type":"SearchAction","target":{"@type":"EntryPoint","urlTemplate":"https:\/\/laloba.pl\/kosmetyka\/?s={search_term_string}"},"query-input":"required name=search_term_string"}],"inLanguage":"pl-PL"}]}},"_links":{"self":[{"href":"https:\/\/laloba.pl\/kosmetyka\/wp-json\/wp\/v2\/pages\/65"}],"collection":[{"href":"https:\/\/laloba.pl\/kosmetyka\/wp-json\/wp\/v2\/pages"}],"about":[{"href":"https:\/\/laloba.pl\/kosmetyka\/wp-json\/wp\/v2\/types\/page"}],"author":[{"embeddable":true,"href":"https:\/\/laloba.pl\/kosmetyka\/wp-json\/wp\/v2\/users\/3"}],"replies":[{"embeddable":true,"href":"https:\/\/laloba.pl\/kosmetyka\/wp-json\/wp\/v2\/comments?post=65"}],"version-history":[{"count":3,"href":"https:\/\/laloba.pl\/kosmetyka\/wp-json\/wp\/v2\/pages\/65\/revisions"}],"predecessor-version":[{"id":9770,"href":"https:\/\/laloba.pl\/kosmetyka\/wp-json\/wp\/v2\/pages\/65\/revisions\/9770"}],"up":[{"embeddable":true,"href":"https:\/\/laloba.pl\/kosmetyka\/wp-json\/wp\/v2\/pages\/96"}],"wp:attachment":[{"href":"https:\/\/laloba.pl\/kosmetyka\/wp-json\/wp\/v2\/media?parent=65"}],"curies":[{"name":"wp","href":"https:\/\/api.w.org\/{rel}","templated":true}]}}