{"id":9210,"date":"2022-05-13T14:28:32","date_gmt":"2022-05-13T12:28:32","guid":{"rendered":"https:\/\/laloba.pl\/kosmetyka\/?page_id=9210"},"modified":"2022-05-17T13:16:24","modified_gmt":"2022-05-17T11:16:24","slug":"faq","status":"publish","type":"page","link":"https:\/\/laloba.pl\/kosmetyka\/faq\/","title":{"rendered":"Cz\u0119ste pytania"},"content":{"rendered":"<p>[vc_row][vc_column]<div class=\"acc_holder    \"><div class=\"acc_item\"><h4 class=\"accordion\"><span class=\"acc_control \"><\/span><span class=\"acc_heading\">Gdzie dok\u0142adnie znajduje si\u0119 gabinet?<\/span><\/h4><div class=\"accordion_content\">Gabinet kosmetyczny Laloba znajduje si\u0119 w centrum Laloba Care&amp;Activity. Dok\u0142adny adres to ul. Beskidzka 30C w Krakowie. Lokal znajduje si\u0119 w du\u017cym osiedlowym pawilonie w kt\u00f3rym r\u00f3wnie\u017c znajduj\u0105 si\u0119: sklep Biedronka, apteka Ziko, Bank Pekao. Znajdziecie nas pod du\u017cym sklepem z odzie\u017c\u0105 u\u017cywan\u0105 &#8222;Metka&#8221;.<\/div><\/div><div class=\"acc_item\"><h4 class=\"accordion\"><span class=\"acc_control \"><\/span><span class=\"acc_heading\">Czy do gabinetu kosmetycznego trzeba rezerwowa\u0107 termin, czy mo\u017cna przyj\u015b\u0107 z ulicy?<\/span><\/h4><div class=\"accordion_content\">Wszystkie wizyty w gabinecie kosmetycznym Laloba wymagaj\u0105 wcze\u015bniejszej rezerwacji terminu.<\/div><\/div><div class=\"acc_item\"><h4 class=\"accordion\"><span class=\"acc_control \"><\/span><span class=\"acc_heading\">Jak zarezerwowa\u0107 termin wizyty w gabinecie kosmetycznym?<\/span><\/h4><div class=\"accordion_content\">Na zabieg mo\u017cna um\u00f3wi\u0107 si\u0119 na kilka sposob\u00f3w.<\/p>\n<p>Mo\u017cna to zrobi\u0107 telefonicznie pod numerem telefonu <a href=\"tel:+48609668207\">609 668 207<\/a> lub <a href=\"tel:+48570577677\">570 577 677<\/a> . Je\u015bli nie odbieramy telefon\u00f3w to znaczy \u017ce w\u0142a\u015bnie odbywaj\u0105 si\u0119 zabiegi, prosimy wtedy o wiadomo\u015b\u0107 SMS, oddzwonimy w najbli\u017cszym mo\u017cliwym czasie.<br \/>\nTermin wizyty w gabinecie kosmetycznym Laloba mo\u017cna r\u00f3wnie\u017c ustali\u0107 wysy\u0142aj\u0105c do nas wiadomo\u015b\u0107 na adres mailowy kosmetyka@laloba.pl, odpiszemy jak najszybciej to b\u0119dzie mo\u017cliwe.<\/div><\/div><div class=\"acc_item\"><h4 class=\"accordion\"><span class=\"acc_control \"><\/span><span class=\"acc_heading\">W jakich godzinach czynny jest gabinet kosmetyczny Laloba?<\/span><\/h4><div class=\"accordion_content\">Pracujemy od poniedzia\u0142ku do pi\u0105tku w godzinach od 9:00 do 20:00, a w soboty od 9:00 do 14:00.<\/p>\n<p>Godziny te mog\u0105 ulec zmianie ze wzgl\u0119du na fakt, \u017ce wizyty umawiane s\u0105 z wyprzedzeniem.<\/div><\/div><div class=\"acc_item\"><h4 class=\"accordion\"><span class=\"acc_control \"><\/span><span class=\"acc_heading\">Czy w gabinecie kosmetycznym Laloba mo\u017cliwe s\u0105 konsultacje?<\/span><\/h4><div class=\"accordion_content\">Tak, w razie pyta\u0144 i w\u0105tpliwo\u015bci zawsze s\u0142u\u017cymy rad\u0105 i pomoc\u0105.<\/div><\/div><div class=\"acc_item\"><h4 class=\"accordion\"><span class=\"acc_control \"><\/span><span class=\"acc_heading\">Czy w gabinecie kosmetycznym dla LaLoba mo\u017cna kupi\u0107 kosmetyki do domu?<\/span><\/h4><div class=\"accordion_content\">Tak mamy w ofercie spory wyb\u00f3r kosmetyk\u00f3w i zawsze s\u0142u\u017cymy porad\u0105 co najlepiej b\u0119dzie wybra\u0107.<\/div><\/div><div class=\"acc_item\"><h4 class=\"accordion\"><span class=\"acc_control \"><\/span><span class=\"acc_heading\">Chc\u0119 tylko kupi\u0107 kosmetyki ale nie przychodzi\u0107 na wizyt\u0119. Jak mog\u0119 to zrobi\u0107?<\/span><\/h4><div class=\"accordion_content\">Istnieje mo\u017cliwo\u015b\u0107 odbioru kosmetyk\u00f3w z recepcji klubu Laloba. Trzeba jednak wcze\u015bniej zam\u00f3wi\u0107 je w gabinecie.<\/div><\/div><div class=\"acc_item\"><h4 class=\"accordion\"><span class=\"acc_control \"><\/span><span class=\"acc_heading\">Czy w gabinecie kosmetycznym laloba mo\u017cna p\u0142aci\u0107 kart\u0105?<\/span><\/h4><div class=\"accordion_content\">Tak mo\u017cna p\u0142aci\u0107 zar\u00f3wno kart\u0105 jak i got\u00f3wk\u0105. To samo dotyczy odbioru kosmetyk\u00f3w w recepcji.<\/div><\/div><div class=\"acc_item\"><h4 class=\"accordion\"><span class=\"acc_control \"><\/span><span class=\"acc_heading\">Czy w gabinecie kosmetycznym laloba mo\u017cna kupi\u0107 bon podarunkowy?<\/span><\/h4><div class=\"accordion_content\">Tak, w naszym gabinecie mo\u017cna kupi\u0107 bony podarunkowe na dowoln\u0105 kwot\u0119 do wykorzystania na zabiegi lub na dowolny wybrany przez siebie zabieg. Bony podarunkowe kwotowe mo\u017cna kupi\u0107 w gabinecie, w recepcji klubu Laloba, a tak\u017ce online na naszej stronie internetowej pod adresem:\u00a0 <a href=\"http:\/\/www.laloba.pl\/kosmetyka\/kup-voucher\">www.laloba.pl\/kosmetyka\/kup-voucher<\/a><br \/>\nNatomiast bony podarunkowe na konkretny zabieg mo\u017cna naby\u0107 w gabinecie, w recepcji. Ze wzgl\u0119du na bogat\u0105 ofert\u0119 zabieg\u00f3w tylko niekt\u00f3re z nich dost\u0119pne s\u0105 w sprzeda\u017cy online.<\/div><\/div><div class=\"acc_item\"><h4 class=\"accordion\"><span class=\"acc_control \"><\/span><span class=\"acc_heading\">Na stronie internetowej znalaz\u0142am inn\u0105 cen\u0119 zabiegu, dlaczego?<\/span><\/h4><div class=\"accordion_content\">Nasza strona jest aktualizowana regularnie. Cz\u0119sto informujemy Was o r\u00f3\u017cnych okresowych promocjach. Istnieje mo\u017cliwo\u015b\u0107, \u017ce je\u015bli wchodzicie na nasz\u0105 stron\u0119 wyszukuj\u0105c np. fraz\u0119 &#8222;pedicure LaLoba&#8221; to Google znajduje dla Was kt\u00f3ry\u015b ze starszych wpis\u00f3w. Aktualny cennik znajdziecie zawsze w zak\u0142adce <a href=\"https:\/\/laloba.pl\/kosmetyka\/cennik\/\">CENNIK<\/a>. Uprzedzamy, \u017ce czasem on te\u017c jest aktualizowany, wtedy na jego stronie jest odpowiednia adnotacja.<\/div><\/div><\/div>[\/vc_column][\/vc_row]<\/p>\n","protected":false},"excerpt":{"rendered":"<p>[vc_row][vc_column][\/vc_column][\/vc_row]<\/p>\n","protected":false},"author":3,"featured_media":9230,"parent":0,"menu_order":0,"comment_status":"closed","ping_status":"closed","template":"","meta":[],"yoast_head":"<!-- This site is optimized with the Yoast SEO Premium plugin v18.4 (Yoast SEO v19.6.1) - https:\/\/yoast.com\/wordpress\/plugins\/seo\/ -->\n<title>Cz\u0119ste pytania - Gabinet Kosmetyczny LaLoba<\/title>\n<meta name=\"description\" content=\"Tu znajdziecie odpowied\u017a na najcz\u0119\u015bciej zadawane pytania, kt\u00f3re nam zadajecie. Gabinet Kosmetyczny LaLoba | Krak\u00f3w ul. Beskidzka 30C\" \/>\n<meta name=\"robots\" content=\"index, follow, max-snippet:-1, max-image-preview:large, max-video-preview:-1\" \/>\n<link rel=\"canonical\" href=\"https:\/\/laloba.pl\/kosmetyka\/faq\/\" \/>\n<meta property=\"og:locale\" content=\"pl_PL\" \/>\n<meta property=\"og:type\" content=\"article\" \/>\n<meta property=\"og:title\" content=\"Cz\u0119ste pytania\" \/>\n<meta property=\"og:description\" content=\"Tu znajdziecie odpowied\u017a na najcz\u0119\u015bciej zadawane pytania, kt\u00f3re nam zadajecie. Gabinet Kosmetyczny LaLoba | Krak\u00f3w ul. Beskidzka 30C\" \/>\n<meta property=\"og:url\" content=\"https:\/\/laloba.pl\/kosmetyka\/faq\/\" \/>\n<meta property=\"og:site_name\" content=\"Gabinet Kosmetyczny LaLoba\" \/>\n<meta property=\"article:modified_time\" content=\"2022-05-17T11:16:24+00:00\" \/>\n<meta property=\"og:image\" content=\"https:\/\/laloba.pl\/kosmetyka\/wp-content\/uploads\/usmiech.webp\" \/>\n\t<meta property=\"og:image:width\" content=\"1200\" \/>\n\t<meta property=\"og:image:height\" content=\"800\" \/>\n\t<meta property=\"og:image:type\" content=\"image\/webp\" \/>\n<meta name=\"twitter:card\" content=\"summary\" \/>\n<meta name=\"twitter:label1\" content=\"Szacowany czas czytania\" \/>\n\t<meta name=\"twitter:data1\" content=\"3 minuty\" \/>\n<script type=\"application\/ld+json\" class=\"yoast-schema-graph\">{\"@context\":\"https:\/\/schema.org\",\"@graph\":[{\"@type\":\"WebPage\",\"@id\":\"https:\/\/laloba.pl\/kosmetyka\/faq\/\",\"url\":\"https:\/\/laloba.pl\/kosmetyka\/faq\/\",\"name\":\"Cz\u0119ste pytania - Gabinet Kosmetyczny LaLoba\",\"isPartOf\":{\"@id\":\"https:\/\/laloba.pl\/kosmetyka\/#website\"},\"datePublished\":\"2022-05-13T12:28:32+00:00\",\"dateModified\":\"2022-05-17T11:16:24+00:00\",\"description\":\"Tu znajdziecie odpowied\u017a na najcz\u0119\u015bciej zadawane pytania, kt\u00f3re nam zadajecie. Gabinet Kosmetyczny LaLoba | Krak\u00f3w ul. Beskidzka 30C\",\"breadcrumb\":{\"@id\":\"https:\/\/laloba.pl\/kosmetyka\/faq\/#breadcrumb\"},\"inLanguage\":\"pl-PL\",\"potentialAction\":[{\"@type\":\"ReadAction\",\"target\":[\"https:\/\/laloba.pl\/kosmetyka\/faq\/\"]}]},{\"@type\":\"BreadcrumbList\",\"@id\":\"https:\/\/laloba.pl\/kosmetyka\/faq\/#breadcrumb\",\"itemListElement\":[{\"@type\":\"ListItem\",\"position\":1,\"name\":\"Strona g\u0142\u00f3wna\",\"item\":\"https:\/\/laloba.pl\/kosmetyka\/\"},{\"@type\":\"ListItem\",\"position\":2,\"name\":\"Cz\u0119ste pytania\"}]},{\"@type\":\"WebSite\",\"@id\":\"https:\/\/laloba.pl\/kosmetyka\/#website\",\"url\":\"https:\/\/laloba.pl\/kosmetyka\/\",\"name\":\"Gabinet Kosmetyczny LaLoba\",\"description\":\"LaLoba Care&amp;Activity\",\"potentialAction\":[{\"@type\":\"SearchAction\",\"target\":{\"@type\":\"EntryPoint\",\"urlTemplate\":\"https:\/\/laloba.pl\/kosmetyka\/?s={search_term_string}\"},\"query-input\":\"required name=search_term_string\"}],\"inLanguage\":\"pl-PL\"}]}<\/script>\n<!-- \/ Yoast SEO Premium plugin. -->","yoast_head_json":{"title":"Cz\u0119ste pytania - Gabinet Kosmetyczny LaLoba","description":"Tu znajdziecie odpowied\u017a na najcz\u0119\u015bciej zadawane pytania, kt\u00f3re nam zadajecie. Gabinet Kosmetyczny LaLoba | Krak\u00f3w ul. Beskidzka 30C","robots":{"index":"index","follow":"follow","max-snippet":"max-snippet:-1","max-image-preview":"max-image-preview:large","max-video-preview":"max-video-preview:-1"},"canonical":"https:\/\/laloba.pl\/kosmetyka\/faq\/","og_locale":"pl_PL","og_type":"article","og_title":"Cz\u0119ste pytania","og_description":"Tu znajdziecie odpowied\u017a na najcz\u0119\u015bciej zadawane pytania, kt\u00f3re nam zadajecie. Gabinet Kosmetyczny LaLoba | Krak\u00f3w ul. Beskidzka 30C","og_url":"https:\/\/laloba.pl\/kosmetyka\/faq\/","og_site_name":"Gabinet Kosmetyczny LaLoba","article_modified_time":"2022-05-17T11:16:24+00:00","og_image":[{"width":1200,"height":800,"url":"https:\/\/laloba.pl\/kosmetyka\/wp-content\/uploads\/usmiech.webp","type":"image\/webp"}],"twitter_card":"summary","twitter_misc":{"Szacowany czas czytania":"3 minuty"},"schema":{"@context":"https:\/\/schema.org","@graph":[{"@type":"WebPage","@id":"https:\/\/laloba.pl\/kosmetyka\/faq\/","url":"https:\/\/laloba.pl\/kosmetyka\/faq\/","name":"Cz\u0119ste pytania - Gabinet Kosmetyczny LaLoba","isPartOf":{"@id":"https:\/\/laloba.pl\/kosmetyka\/#website"},"datePublished":"2022-05-13T12:28:32+00:00","dateModified":"2022-05-17T11:16:24+00:00","description":"Tu znajdziecie odpowied\u017a na najcz\u0119\u015bciej zadawane pytania, kt\u00f3re nam zadajecie. Gabinet Kosmetyczny LaLoba | Krak\u00f3w ul. Beskidzka 30C","breadcrumb":{"@id":"https:\/\/laloba.pl\/kosmetyka\/faq\/#breadcrumb"},"inLanguage":"pl-PL","potentialAction":[{"@type":"ReadAction","target":["https:\/\/laloba.pl\/kosmetyka\/faq\/"]}]},{"@type":"BreadcrumbList","@id":"https:\/\/laloba.pl\/kosmetyka\/faq\/#breadcrumb","itemListElement":[{"@type":"ListItem","position":1,"name":"Strona g\u0142\u00f3wna","item":"https:\/\/laloba.pl\/kosmetyka\/"},{"@type":"ListItem","position":2,"name":"Cz\u0119ste pytania"}]},{"@type":"WebSite","@id":"https:\/\/laloba.pl\/kosmetyka\/#website","url":"https:\/\/laloba.pl\/kosmetyka\/","name":"Gabinet Kosmetyczny LaLoba","description":"LaLoba Care&amp;Activity","potentialAction":[{"@type":"SearchAction","target":{"@type":"EntryPoint","urlTemplate":"https:\/\/laloba.pl\/kosmetyka\/?s={search_term_string}"},"query-input":"required name=search_term_string"}],"inLanguage":"pl-PL"}]}},"_links":{"self":[{"href":"https:\/\/laloba.pl\/kosmetyka\/wp-json\/wp\/v2\/pages\/9210"}],"collection":[{"href":"https:\/\/laloba.pl\/kosmetyka\/wp-json\/wp\/v2\/pages"}],"about":[{"href":"https:\/\/laloba.pl\/kosmetyka\/wp-json\/wp\/v2\/types\/page"}],"author":[{"embeddable":true,"href":"https:\/\/laloba.pl\/kosmetyka\/wp-json\/wp\/v2\/users\/3"}],"replies":[{"embeddable":true,"href":"https:\/\/laloba.pl\/kosmetyka\/wp-json\/wp\/v2\/comments?post=9210"}],"version-history":[{"count":5,"href":"https:\/\/laloba.pl\/kosmetyka\/wp-json\/wp\/v2\/pages\/9210\/revisions"}],"predecessor-version":[{"id":9214,"href":"https:\/\/laloba.pl\/kosmetyka\/wp-json\/wp\/v2\/pages\/9210\/revisions\/9214"}],"wp:featuredmedia":[{"embeddable":true,"href":"https:\/\/laloba.pl\/kosmetyka\/wp-json\/wp\/v2\/media\/9230"}],"wp:attachment":[{"href":"https:\/\/laloba.pl\/kosmetyka\/wp-json\/wp\/v2\/media?parent=9210"}],"curies":[{"name":"wp","href":"https:\/\/api.w.org\/{rel}","templated":true}]}}