{"id":8956,"date":"2022-01-14T12:17:44","date_gmt":"2022-01-14T11:17:44","guid":{"rendered":"https:\/\/laloba.pl\/kosmetyka\/?post_type=product&#038;p=8956"},"modified":"2026-03-13T08:56:42","modified_gmt":"2026-03-13T07:56:42","slug":"kawiorowy-zabieg-odmladzajaco-liftingujacy-z-masazem-twarzy","status":"publish","type":"product","link":"https:\/\/laloba.pl\/kosmetyka\/produkt\/kawiorowy-zabieg-odmladzajaco-liftingujacy-z-masazem-twarzy\/","title":{"rendered":"Kawiorowy zabieg odm\u0142adzajaco-liftinguj\u0105cy z masa\u017cem twarzy"},"content":{"rendered":"<p>Aby wykorzysta\u0107 bon, nale\u017cy dokona\u0107 wcze\u015bniejszej rezerwacji terminu, poinformowa\u0107 o ch\u0119ci realizacji vouchera. Nast\u0119pnie zabra\u0107 go na um\u00f3wion\u0105 wizyt\u0119 i okaza\u0107 przed zabiegiem.<\/p>\n<p>Bon b\u0119dzie oznaczony danymi osoby kupuj\u0105cej oraz weryfikowany przez pracownik\u00f3w gabinetu.<\/p>\n<p>Wskaz\u00f3wka:<br \/>\nW okienku \u201eDodatkowe informacje\u201d, w podsumowaniu zam\u00f3wienia mo\u017cesz poda\u0107 imi\u0119, nazwisko i nr telefonu do osoby, kt\u00f3r\u0105 chcesz obdarowa\u0107 bonem. B\u0119dziemy mogli stworzy\u0107 \u201ekopi\u0119 zapasow\u0105\u201d vouchera na jej koncie w naszym systemie gabinetowym (lub w razie braku je utworzy\u0107). U\u0142atwi to realizacj\u0119 zabiegu w przypadku \u201ezapomnienia\u201d wersji papierowej bonu. Dane osoby obdarowanej b\u0119d\u0105 przetwarzane wy\u0142\u0105cznie w celu realizacji bonu.<\/p>\n<p>&nbsp;<\/p>\n<p>Jak b\u0119dzie wygl\u0105da\u0142 Voucher?<\/p>\n<p>Poni\u017cej wz\u00f3r bonu, kt\u00f3ry b\u0119dzie do pobrania. To tylko przyk\u0142ad, bon na konkretny zabieg nie b\u0119dzie zawiera\u0142 kwoty zakupu.<\/p>\n<p>&nbsp;<\/p>\n<p><img loading=\"lazy\" class=\"size-medium wp-image-8426 aligncenter\" src=\"https:\/\/laloba.pl\/kosmetyka\/wp-content\/uploads\/WZOR_BON-212x300.jpg\" alt=\"Wz\u00f3r bonu\" width=\"212\" height=\"300\" srcset=\"https:\/\/laloba.pl\/kosmetyka\/wp-content\/uploads\/WZOR_BON-212x300.jpg 212w, https:\/\/laloba.pl\/kosmetyka\/wp-content\/uploads\/WZOR_BON.jpg 600w\" sizes=\"(max-width: 212px) 100vw, 212px\" \/><\/p>\n","protected":false},"excerpt":{"rendered":"<p>Przyjemny zabieg na twarz, szyj\u0119 i dekolt o dzia\u0142aniu odm\u0142adzaj\u0105cym, od\u017cywczym i poprawiaj\u0105cym napi\u0119cie sk\u00f3ry. Dzi\u0119ki zawarto\u015bci luksusowych sk\u0142adnik\u00f3w aktywnych, takich jak ekstrakty z kawioru i per\u0142y oraz innowacyjnego Matrixylu\u00ae 3000, zapewnia kompleksow\u0105 piel\u0119gnacj\u0119, silne nawil\u017cenie oraz redukcj\u0119 zmarszczek i og\u00f3ln\u0105 popraw\u0119 kondycji dojrza\u0142ej, wymagaj\u0105cej sk\u00f3ry. Przyjemny aromat oraz relaksuj\u0105cy masa\u017c wprowadzaj\u0105 w stan b\u0142ogiego odpr\u0119\u017cenia.<br \/>\nCzas trwania zabiegu: ok 60 min<\/p>\n<p>Bon upominkowy do wykorzystania w gabinecie kosmetycznym LaLoba Care&amp;Activity w Krakowie przy ul. Beskidzkiej 30C.<br \/>\nPo zakupie otrzymasz emailem voucher w formie pliku PDF do pobrania i wydrukowania.<br \/>\nTermin wa\u017cno\u015bci bonu \u2013 3 miesi\u0105ce od daty zakupu.<\/p>\n[boc_button btn_content=\"WI\u0118CEJ BON\u00d3W PODARUNKOWYCH\" href=\"https:\/\/laloba.pl\/kosmetyka\/kategoria-produktu\/voucher-do-kosmetyczki\/\" icon=\"icon icon-play\"]\n","protected":false},"featured_media":9066,"comment_status":"closed","ping_status":"closed","template":"","meta":[],"product_cat":[370,436],"product_tag":[],"yoast_head":"<!-- This site is optimized with the Yoast SEO Premium plugin v18.4 (Yoast SEO v19.6.1) - https:\/\/yoast.com\/wordpress\/plugins\/seo\/ -->\n<title>Kawiorowy zabieg odm\u0142adzajaco-liftinguj\u0105cy z masa\u017cem twarzy - Gabinet Kosmetyczny LaLoba<\/title>\n<meta name=\"robots\" content=\"index, follow, max-snippet:-1, max-image-preview:large, max-video-preview:-1\" \/>\n<link rel=\"canonical\" href=\"https:\/\/laloba.pl\/kosmetyka\/produkt\/kawiorowy-zabieg-odmladzajaco-liftingujacy-z-masazem-twarzy\/\" \/>\n<meta property=\"og:locale\" content=\"pl_PL\" \/>\n<meta property=\"og:type\" content=\"article\" \/>\n<meta property=\"og:title\" content=\"Kawiorowy zabieg odm\u0142adzajaco-liftinguj\u0105cy z masa\u017cem twarzy\" \/>\n<meta property=\"og:description\" content=\"Przyjemny zabieg na twarz, szyj\u0119 i dekolt o dzia\u0142aniu odm\u0142adzaj\u0105cym, od\u017cywczym i poprawiaj\u0105cym napi\u0119cie sk\u00f3ry. Dzi\u0119ki zawarto\u015bci luksusowych sk\u0142adnik\u00f3w aktywnych, takich jak ekstrakty z kawioru i per\u0142y oraz innowacyjnego Matrixylu\u00ae 3000, zapewnia kompleksow\u0105 piel\u0119gnacj\u0119, silne nawil\u017cenie oraz redukcj\u0119 zmarszczek i og\u00f3ln\u0105 popraw\u0119 kondycji dojrza\u0142ej, wymagaj\u0105cej sk\u00f3ry. Przyjemny aromat oraz relaksuj\u0105cy masa\u017c wprowadzaj\u0105 w stan b\u0142ogiego odpr\u0119\u017cenia. Czas trwania zabiegu: ok 60 min  Bon upominkowy do wykorzystania w gabinecie kosmetycznym LaLoba Care&amp;Activity w Krakowie przy ul. Beskidzkiej 30C. Po zakupie otrzymasz emailem voucher w formie pliku PDF do pobrania i wydrukowania. Termin wa\u017cno\u015bci bonu \u2013 3 miesi\u0105ce od daty zakupu.\" \/>\n<meta property=\"og:url\" content=\"https:\/\/laloba.pl\/kosmetyka\/produkt\/kawiorowy-zabieg-odmladzajaco-liftingujacy-z-masazem-twarzy\/\" \/>\n<meta property=\"og:site_name\" content=\"Gabinet Kosmetyczny LaLoba\" \/>\n<meta property=\"article:modified_time\" content=\"2026-03-13T07:56:42+00:00\" \/>\n<meta property=\"og:image\" content=\"https:\/\/laloba.pl\/kosmetyka\/wp-content\/uploads\/Voucher_zabieg_kawiorowy.jpg\" \/>\n\t<meta property=\"og:image:width\" content=\"1000\" \/>\n\t<meta property=\"og:image:height\" content=\"1000\" \/>\n\t<meta property=\"og:image:type\" content=\"image\/jpeg\" \/>\n<meta name=\"twitter:card\" content=\"summary\" \/>\n<meta name=\"twitter:label1\" content=\"Szacowany czas czytania\" \/>\n\t<meta name=\"twitter:data1\" content=\"1 minuta\" \/>\n<script type=\"application\/ld+json\" class=\"yoast-schema-graph\">{\"@context\":\"https:\/\/schema.org\",\"@graph\":[{\"@type\":\"WebPage\",\"@id\":\"https:\/\/laloba.pl\/kosmetyka\/produkt\/kawiorowy-zabieg-odmladzajaco-liftingujacy-z-masazem-twarzy\/\",\"url\":\"https:\/\/laloba.pl\/kosmetyka\/produkt\/kawiorowy-zabieg-odmladzajaco-liftingujacy-z-masazem-twarzy\/\",\"name\":\"Kawiorowy zabieg odm\u0142adzajaco-liftinguj\u0105cy z masa\u017cem twarzy - Gabinet Kosmetyczny LaLoba\",\"isPartOf\":{\"@id\":\"https:\/\/laloba.pl\/kosmetyka\/#website\"},\"datePublished\":\"2022-01-14T11:17:44+00:00\",\"dateModified\":\"2026-03-13T07:56:42+00:00\",\"breadcrumb\":{\"@id\":\"https:\/\/laloba.pl\/kosmetyka\/produkt\/kawiorowy-zabieg-odmladzajaco-liftingujacy-z-masazem-twarzy\/#breadcrumb\"},\"inLanguage\":\"pl-PL\",\"potentialAction\":[{\"@type\":\"ReadAction\",\"target\":[\"https:\/\/laloba.pl\/kosmetyka\/produkt\/kawiorowy-zabieg-odmladzajaco-liftingujacy-z-masazem-twarzy\/\"]}]},{\"@type\":\"BreadcrumbList\",\"@id\":\"https:\/\/laloba.pl\/kosmetyka\/produkt\/kawiorowy-zabieg-odmladzajaco-liftingujacy-z-masazem-twarzy\/#breadcrumb\",\"itemListElement\":[{\"@type\":\"ListItem\",\"position\":1,\"name\":\"Strona g\u0142\u00f3wna\",\"item\":\"https:\/\/laloba.pl\/kosmetyka\/\"},{\"@type\":\"ListItem\",\"position\":2,\"name\":\"Bony podarunkowe\",\"item\":\"https:\/\/laloba.pl\/kosmetyka\/kup-voucher\/\"},{\"@type\":\"ListItem\",\"position\":3,\"name\":\"Kawiorowy zabieg odm\u0142adzajaco-liftinguj\u0105cy z masa\u017cem twarzy\"}]},{\"@type\":\"WebSite\",\"@id\":\"https:\/\/laloba.pl\/kosmetyka\/#website\",\"url\":\"https:\/\/laloba.pl\/kosmetyka\/\",\"name\":\"Gabinet Kosmetyczny LaLoba\",\"description\":\"LaLoba Care&amp;Activity\",\"potentialAction\":[{\"@type\":\"SearchAction\",\"target\":{\"@type\":\"EntryPoint\",\"urlTemplate\":\"https:\/\/laloba.pl\/kosmetyka\/?s={search_term_string}\"},\"query-input\":\"required name=search_term_string\"}],\"inLanguage\":\"pl-PL\"}]}<\/script>\n<!-- \/ Yoast SEO Premium plugin. -->","yoast_head_json":{"title":"Kawiorowy zabieg odm\u0142adzajaco-liftinguj\u0105cy z masa\u017cem twarzy - Gabinet Kosmetyczny LaLoba","robots":{"index":"index","follow":"follow","max-snippet":"max-snippet:-1","max-image-preview":"max-image-preview:large","max-video-preview":"max-video-preview:-1"},"canonical":"https:\/\/laloba.pl\/kosmetyka\/produkt\/kawiorowy-zabieg-odmladzajaco-liftingujacy-z-masazem-twarzy\/","og_locale":"pl_PL","og_type":"article","og_title":"Kawiorowy zabieg odm\u0142adzajaco-liftinguj\u0105cy z masa\u017cem twarzy","og_description":"Przyjemny zabieg na twarz, szyj\u0119 i dekolt o dzia\u0142aniu odm\u0142adzaj\u0105cym, od\u017cywczym i poprawiaj\u0105cym napi\u0119cie sk\u00f3ry. Dzi\u0119ki zawarto\u015bci luksusowych sk\u0142adnik\u00f3w aktywnych, takich jak ekstrakty z kawioru i per\u0142y oraz innowacyjnego Matrixylu\u00ae 3000, zapewnia kompleksow\u0105 piel\u0119gnacj\u0119, silne nawil\u017cenie oraz redukcj\u0119 zmarszczek i og\u00f3ln\u0105 popraw\u0119 kondycji dojrza\u0142ej, wymagaj\u0105cej sk\u00f3ry. Przyjemny aromat oraz relaksuj\u0105cy masa\u017c wprowadzaj\u0105 w stan b\u0142ogiego odpr\u0119\u017cenia. Czas trwania zabiegu: ok 60 min  Bon upominkowy do wykorzystania w gabinecie kosmetycznym LaLoba Care&amp;Activity w Krakowie przy ul. Beskidzkiej 30C. Po zakupie otrzymasz emailem voucher w formie pliku PDF do pobrania i wydrukowania. Termin wa\u017cno\u015bci bonu \u2013 3 miesi\u0105ce od daty zakupu.","og_url":"https:\/\/laloba.pl\/kosmetyka\/produkt\/kawiorowy-zabieg-odmladzajaco-liftingujacy-z-masazem-twarzy\/","og_site_name":"Gabinet Kosmetyczny LaLoba","article_modified_time":"2026-03-13T07:56:42+00:00","og_image":[{"width":1000,"height":1000,"url":"https:\/\/laloba.pl\/kosmetyka\/wp-content\/uploads\/Voucher_zabieg_kawiorowy.jpg","type":"image\/jpeg"}],"twitter_card":"summary","twitter_misc":{"Szacowany czas czytania":"1 minuta"},"schema":{"@context":"https:\/\/schema.org","@graph":[{"@type":"WebPage","@id":"https:\/\/laloba.pl\/kosmetyka\/produkt\/kawiorowy-zabieg-odmladzajaco-liftingujacy-z-masazem-twarzy\/","url":"https:\/\/laloba.pl\/kosmetyka\/produkt\/kawiorowy-zabieg-odmladzajaco-liftingujacy-z-masazem-twarzy\/","name":"Kawiorowy zabieg odm\u0142adzajaco-liftinguj\u0105cy z masa\u017cem twarzy - Gabinet Kosmetyczny LaLoba","isPartOf":{"@id":"https:\/\/laloba.pl\/kosmetyka\/#website"},"datePublished":"2022-01-14T11:17:44+00:00","dateModified":"2026-03-13T07:56:42+00:00","breadcrumb":{"@id":"https:\/\/laloba.pl\/kosmetyka\/produkt\/kawiorowy-zabieg-odmladzajaco-liftingujacy-z-masazem-twarzy\/#breadcrumb"},"inLanguage":"pl-PL","potentialAction":[{"@type":"ReadAction","target":["https:\/\/laloba.pl\/kosmetyka\/produkt\/kawiorowy-zabieg-odmladzajaco-liftingujacy-z-masazem-twarzy\/"]}]},{"@type":"BreadcrumbList","@id":"https:\/\/laloba.pl\/kosmetyka\/produkt\/kawiorowy-zabieg-odmladzajaco-liftingujacy-z-masazem-twarzy\/#breadcrumb","itemListElement":[{"@type":"ListItem","position":1,"name":"Strona g\u0142\u00f3wna","item":"https:\/\/laloba.pl\/kosmetyka\/"},{"@type":"ListItem","position":2,"name":"Bony podarunkowe","item":"https:\/\/laloba.pl\/kosmetyka\/kup-voucher\/"},{"@type":"ListItem","position":3,"name":"Kawiorowy zabieg odm\u0142adzajaco-liftinguj\u0105cy z masa\u017cem twarzy"}]},{"@type":"WebSite","@id":"https:\/\/laloba.pl\/kosmetyka\/#website","url":"https:\/\/laloba.pl\/kosmetyka\/","name":"Gabinet Kosmetyczny LaLoba","description":"LaLoba Care&amp;Activity","potentialAction":[{"@type":"SearchAction","target":{"@type":"EntryPoint","urlTemplate":"https:\/\/laloba.pl\/kosmetyka\/?s={search_term_string}"},"query-input":"required name=search_term_string"}],"inLanguage":"pl-PL"}]}},"_links":{"self":[{"href":"https:\/\/laloba.pl\/kosmetyka\/wp-json\/wp\/v2\/product\/8956"}],"collection":[{"href":"https:\/\/laloba.pl\/kosmetyka\/wp-json\/wp\/v2\/product"}],"about":[{"href":"https:\/\/laloba.pl\/kosmetyka\/wp-json\/wp\/v2\/types\/product"}],"replies":[{"embeddable":true,"href":"https:\/\/laloba.pl\/kosmetyka\/wp-json\/wp\/v2\/comments?post=8956"}],"wp:featuredmedia":[{"embeddable":true,"href":"https:\/\/laloba.pl\/kosmetyka\/wp-json\/wp\/v2\/media\/9066"}],"wp:attachment":[{"href":"https:\/\/laloba.pl\/kosmetyka\/wp-json\/wp\/v2\/media?parent=8956"}],"wp:term":[{"taxonomy":"product_cat","embeddable":true,"href":"https:\/\/laloba.pl\/kosmetyka\/wp-json\/wp\/v2\/product_cat?post=8956"},{"taxonomy":"product_tag","embeddable":true,"href":"https:\/\/laloba.pl\/kosmetyka\/wp-json\/wp\/v2\/product_tag?post=8956"}],"curies":[{"name":"wp","href":"https:\/\/api.w.org\/{rel}","templated":true}]}}