{"id":9176,"date":"2022-05-09T14:16:23","date_gmt":"2022-05-09T12:16:23","guid":{"rendered":"https:\/\/laloba.pl\/kosmetyka\/?post_type=product&#038;p=9176"},"modified":"2026-02-28T23:11:22","modified_gmt":"2026-02-28T22:11:22","slug":"masaz-twarzy-kobido-voucher","status":"publish","type":"product","link":"https:\/\/laloba.pl\/kosmetyka\/produkt\/masaz-twarzy-kobido-voucher\/","title":{"rendered":"Masa\u017c twarzy Kobido &#8211; japo\u0144ski lifting"},"content":{"rendered":"<p>Voucher na masa\u017c Kobido.<\/p>\n<p>Aby wykorzysta\u0107 bon, nale\u017cy dokona\u0107 wcze\u015bniejszej rezerwacji terminu, poinformowa\u0107 o ch\u0119ci realizacji vouchera. Nast\u0119pnie zabra\u0107 go na um\u00f3wion\u0105 wizyt\u0119 i okaza\u0107 przed zabiegiem.<\/p>\n<p>Bon b\u0119dzie oznaczony danymi osoby kupuj\u0105cej oraz weryfikowany przez pracownik\u00f3w gabinetu.<\/p>\n<p>Wskaz\u00f3wka:<br \/>\nW okienku \u201eDodatkowe informacje\u201d, w podsumowaniu zam\u00f3wienia mo\u017cesz poda\u0107 imi\u0119, nazwisko i nr telefonu do osoby, kt\u00f3r\u0105 chcesz obdarowa\u0107 bonem. B\u0119dziemy mogli stworzy\u0107 \u201ekopi\u0119 zapasow\u0105\u201d vouchera na jej koncie w naszym systemie gabinetowym (lub w razie braku je utworzy\u0107). U\u0142atwi to realizacj\u0119 zabiegu w przypadku \u201ezapomnienia\u201d wersji papierowej bonu. Dane osoby obdarowanej b\u0119d\u0105 przetwarzane wy\u0142\u0105cznie w celu realizacji bonu.<\/p>\n<p>&nbsp;<\/p>\n<p>Jak b\u0119dzie wygl\u0105da\u0142 Voucher na masa\u017c Kobido?<\/p>\n<p>Poni\u017cej wz\u00f3r bonu, kt\u00f3ry b\u0119dzie do pobrania. To tylko przyk\u0142ad, bon na konkretny zabieg nie b\u0119dzie zawiera\u0142 kwoty zakupu.<\/p>\n<p>&nbsp;<\/p>\n<p><img loading=\"lazy\" class=\"size-medium wp-image-8426 aligncenter\" src=\"https:\/\/laloba.pl\/kosmetyka\/wp-content\/uploads\/WZOR_BON-212x300.jpg\" alt=\"Wz\u00f3r bonu\" width=\"212\" height=\"300\" srcset=\"https:\/\/laloba.pl\/kosmetyka\/wp-content\/uploads\/WZOR_BON-212x300.jpg 212w, https:\/\/laloba.pl\/kosmetyka\/wp-content\/uploads\/WZOR_BON.jpg 600w\" sizes=\"(max-width: 212px) 100vw, 212px\" \/><\/p>\n<p>Je\u015bli interesuje Ci\u0119 wi\u0119cej informacji na temat masa\u017cu Kobido, znajdziesz je na <a href=\"http:\/\/masaz-kobido.pl\">masaz-kobido.pl<\/a><\/p>\n","protected":false},"excerpt":{"rendered":"<p>Masa\u017c twarzy Kobido to wieloetapowy japo\u0144ski rytua\u0142 odm\u0142adzaj\u0105cy. Jest to intensywny, trwaj\u0105cy ponad godzin\u0119 masa\u017c, obejmuj\u0105cy ca\u0142y obszar twarzy, szyi, dekoltu, karku oraz g\u0142owy. Dzi\u0119ki zastosowaniu r\u00f3\u017cnorodnych technik pozawala na usuni\u0119cie napi\u0119\u0107<br \/>\n(stresowych i mimicznych), popraw\u0119 owalu twarzy i widoczn\u0105 ju\u017c po pierwszym zabiegu redukcj\u0119 zmarszczek. Jest te\u017c doskona\u0142ym zabiegiem relaksuj\u0105cym, co sprawia, ze jest lubiany przez klientki zar\u00f3wno jako zabieg odm\u0142adzaj\u0105cy, jak i odpr\u0119\u017caj\u0105cy. Wykonywany z u\u017cyciem wysokiej jako\u015bci kosmetyk\u00f3w stanowi doskona\u0142\u0105 form\u0119 piel\u0119gnacji sk\u00f3ry.<\/p>\n<p>Terapi\u0119 Kobido zaleca si\u0119 stosowa\u0107 cyklicznie dla najlepszych i d\u0142ugotrwa\u0142ych rezultat\u00f3w, jednak widoczne efekty mo\u017cna uzyska\u0107 ju\u017c po jednym masa\u017cu.<\/p>\n<p>Czas trwania zabiegu to 75 minut.<\/p>\n<p>Wybierz wariant, im wi\u0119cej tym taniej.<\/p>\n<p>Wi\u0119cej na temat masa\u017cu Kobido przeczytasz tutaj [boc_button href=\"https:\/\/laloba.pl\/kosmetyka\/masaz-kobido-krakow\/\" btn_content=\"Klik\" target=\"_self\" size=\"btn_medium\" color=\"btn_theme_color\" btn_style=\"\" border_radius=\"btn_rounded\" icon=\"\" icon_pos=\"\" icon_effect=\"\"]<\/p>\n<p>&nbsp;<\/p>\n<p>Voucher na masa\u017c Kobido do wykorzystania w gabinecie kosmetycznym LaLoba Care&amp;Activity w Krakowie przy ul. Beskidzkiej 30C.<br \/>\nPo zakupie otrzymasz emailem voucher w formie pliku PDF do pobrania i wydrukowania.<br \/>\nTermin wa\u017cno\u015bci bonu \u2013 3 miesi\u0105ce od daty zakupu. W przypadku karnet\u00f3w na wiele zabieg\u00f3w data ta dotyczy rozpocz\u0119cia serii.<\/p>\n[boc_button btn_content=\"WI\u0118CEJ BON\u00d3W PODARUNKOWYCH\" href=\"https:\/\/laloba.pl\/kosmetyka\/kategoria-produktu\/voucher-do-kosmetyczki\/\" icon=\"icon icon-play\"]\n<p>&nbsp;<\/p>\n","protected":false},"featured_media":9177,"comment_status":"closed","ping_status":"closed","template":"","meta":[],"product_cat":[370,436],"product_tag":[474,445,444,473],"yoast_head":"<!-- This site is optimized with the Yoast SEO Premium plugin v18.4 (Yoast SEO v19.6.1) - https:\/\/yoast.com\/wordpress\/plugins\/seo\/ -->\n<title>Voucher na masa\u017c Kobido | Kup online | Gabinet LaLoba Krak\u00f3w<\/title>\n<meta name=\"description\" content=\"Voucher na masa\u017c Kobido. Lifting twarzy, redukcja zmarszczek i pe\u0142ne rozlu\u017anienie. Kup online i obdaruj blisk\u0105 osob\u0119. To zawsze udany prezent.\" \/>\n<meta name=\"robots\" content=\"index, follow, max-snippet:-1, max-image-preview:large, max-video-preview:-1\" \/>\n<link rel=\"canonical\" href=\"https:\/\/laloba.pl\/kosmetyka\/produkt\/masaz-twarzy-kobido-voucher\/\" \/>\n<meta property=\"og:locale\" content=\"pl_PL\" \/>\n<meta property=\"og:type\" content=\"article\" \/>\n<meta property=\"og:title\" content=\"Masa\u017c twarzy Kobido - japo\u0144ski lifting\" \/>\n<meta property=\"og:description\" content=\"Voucher na masa\u017c Kobido. Lifting twarzy, redukcja zmarszczek i pe\u0142ne rozlu\u017anienie. Kup online i obdaruj blisk\u0105 osob\u0119. To zawsze udany prezent.\" \/>\n<meta property=\"og:url\" content=\"https:\/\/laloba.pl\/kosmetyka\/produkt\/masaz-twarzy-kobido-voucher\/\" \/>\n<meta property=\"og:site_name\" content=\"Gabinet Kosmetyczny LaLoba\" \/>\n<meta property=\"article:modified_time\" content=\"2026-02-28T22:11:22+00:00\" \/>\n<meta property=\"og:image\" content=\"https:\/\/laloba.pl\/kosmetyka\/wp-content\/uploads\/voucher_masaz_kobido.webp\" \/>\n\t<meta property=\"og:image:width\" content=\"1000\" \/>\n\t<meta property=\"og:image:height\" content=\"1000\" \/>\n\t<meta property=\"og:image:type\" content=\"image\/webp\" \/>\n<meta name=\"twitter:card\" content=\"summary\" \/>\n<meta name=\"twitter:label1\" content=\"Szacowany czas czytania\" \/>\n\t<meta name=\"twitter:data1\" content=\"2 minuty\" \/>\n<script type=\"application\/ld+json\" class=\"yoast-schema-graph\">{\"@context\":\"https:\/\/schema.org\",\"@graph\":[{\"@type\":\"WebPage\",\"@id\":\"https:\/\/laloba.pl\/kosmetyka\/produkt\/masaz-twarzy-kobido-voucher\/\",\"url\":\"https:\/\/laloba.pl\/kosmetyka\/produkt\/masaz-twarzy-kobido-voucher\/\",\"name\":\"Voucher na masa\u017c Kobido | Kup online | Gabinet LaLoba Krak\u00f3w\",\"isPartOf\":{\"@id\":\"https:\/\/laloba.pl\/kosmetyka\/#website\"},\"datePublished\":\"2022-05-09T12:16:23+00:00\",\"dateModified\":\"2026-02-28T22:11:22+00:00\",\"description\":\"Voucher na masa\u017c Kobido. Lifting twarzy, redukcja zmarszczek i pe\u0142ne rozlu\u017anienie. Kup online i obdaruj blisk\u0105 osob\u0119. To zawsze udany prezent.\",\"breadcrumb\":{\"@id\":\"https:\/\/laloba.pl\/kosmetyka\/produkt\/masaz-twarzy-kobido-voucher\/#breadcrumb\"},\"inLanguage\":\"pl-PL\",\"potentialAction\":[{\"@type\":\"ReadAction\",\"target\":[\"https:\/\/laloba.pl\/kosmetyka\/produkt\/masaz-twarzy-kobido-voucher\/\"]}]},{\"@type\":\"BreadcrumbList\",\"@id\":\"https:\/\/laloba.pl\/kosmetyka\/produkt\/masaz-twarzy-kobido-voucher\/#breadcrumb\",\"itemListElement\":[{\"@type\":\"ListItem\",\"position\":1,\"name\":\"Strona g\u0142\u00f3wna\",\"item\":\"https:\/\/laloba.pl\/kosmetyka\/\"},{\"@type\":\"ListItem\",\"position\":2,\"name\":\"Bony podarunkowe\",\"item\":\"https:\/\/laloba.pl\/kosmetyka\/kup-voucher\/\"},{\"@type\":\"ListItem\",\"position\":3,\"name\":\"Masa\u017c twarzy Kobido &#8211; japo\u0144ski lifting\"}]},{\"@type\":\"WebSite\",\"@id\":\"https:\/\/laloba.pl\/kosmetyka\/#website\",\"url\":\"https:\/\/laloba.pl\/kosmetyka\/\",\"name\":\"Gabinet Kosmetyczny LaLoba\",\"description\":\"LaLoba Care&amp;Activity\",\"potentialAction\":[{\"@type\":\"SearchAction\",\"target\":{\"@type\":\"EntryPoint\",\"urlTemplate\":\"https:\/\/laloba.pl\/kosmetyka\/?s={search_term_string}\"},\"query-input\":\"required name=search_term_string\"}],\"inLanguage\":\"pl-PL\"}]}<\/script>\n<!-- \/ Yoast SEO Premium plugin. -->","yoast_head_json":{"title":"Voucher na masa\u017c Kobido | Kup online | Gabinet LaLoba Krak\u00f3w","description":"Voucher na masa\u017c Kobido. Lifting twarzy, redukcja zmarszczek i pe\u0142ne rozlu\u017anienie. Kup online i obdaruj blisk\u0105 osob\u0119. To zawsze udany prezent.","robots":{"index":"index","follow":"follow","max-snippet":"max-snippet:-1","max-image-preview":"max-image-preview:large","max-video-preview":"max-video-preview:-1"},"canonical":"https:\/\/laloba.pl\/kosmetyka\/produkt\/masaz-twarzy-kobido-voucher\/","og_locale":"pl_PL","og_type":"article","og_title":"Masa\u017c twarzy Kobido - japo\u0144ski lifting","og_description":"Voucher na masa\u017c Kobido. Lifting twarzy, redukcja zmarszczek i pe\u0142ne rozlu\u017anienie. Kup online i obdaruj blisk\u0105 osob\u0119. To zawsze udany prezent.","og_url":"https:\/\/laloba.pl\/kosmetyka\/produkt\/masaz-twarzy-kobido-voucher\/","og_site_name":"Gabinet Kosmetyczny LaLoba","article_modified_time":"2026-02-28T22:11:22+00:00","og_image":[{"width":1000,"height":1000,"url":"https:\/\/laloba.pl\/kosmetyka\/wp-content\/uploads\/voucher_masaz_kobido.webp","type":"image\/webp"}],"twitter_card":"summary","twitter_misc":{"Szacowany czas czytania":"2 minuty"},"schema":{"@context":"https:\/\/schema.org","@graph":[{"@type":"WebPage","@id":"https:\/\/laloba.pl\/kosmetyka\/produkt\/masaz-twarzy-kobido-voucher\/","url":"https:\/\/laloba.pl\/kosmetyka\/produkt\/masaz-twarzy-kobido-voucher\/","name":"Voucher na masa\u017c Kobido | Kup online | Gabinet LaLoba Krak\u00f3w","isPartOf":{"@id":"https:\/\/laloba.pl\/kosmetyka\/#website"},"datePublished":"2022-05-09T12:16:23+00:00","dateModified":"2026-02-28T22:11:22+00:00","description":"Voucher na masa\u017c Kobido. Lifting twarzy, redukcja zmarszczek i pe\u0142ne rozlu\u017anienie. Kup online i obdaruj blisk\u0105 osob\u0119. To zawsze udany prezent.","breadcrumb":{"@id":"https:\/\/laloba.pl\/kosmetyka\/produkt\/masaz-twarzy-kobido-voucher\/#breadcrumb"},"inLanguage":"pl-PL","potentialAction":[{"@type":"ReadAction","target":["https:\/\/laloba.pl\/kosmetyka\/produkt\/masaz-twarzy-kobido-voucher\/"]}]},{"@type":"BreadcrumbList","@id":"https:\/\/laloba.pl\/kosmetyka\/produkt\/masaz-twarzy-kobido-voucher\/#breadcrumb","itemListElement":[{"@type":"ListItem","position":1,"name":"Strona g\u0142\u00f3wna","item":"https:\/\/laloba.pl\/kosmetyka\/"},{"@type":"ListItem","position":2,"name":"Bony podarunkowe","item":"https:\/\/laloba.pl\/kosmetyka\/kup-voucher\/"},{"@type":"ListItem","position":3,"name":"Masa\u017c twarzy Kobido &#8211; japo\u0144ski lifting"}]},{"@type":"WebSite","@id":"https:\/\/laloba.pl\/kosmetyka\/#website","url":"https:\/\/laloba.pl\/kosmetyka\/","name":"Gabinet Kosmetyczny LaLoba","description":"LaLoba Care&amp;Activity","potentialAction":[{"@type":"SearchAction","target":{"@type":"EntryPoint","urlTemplate":"https:\/\/laloba.pl\/kosmetyka\/?s={search_term_string}"},"query-input":"required name=search_term_string"}],"inLanguage":"pl-PL"}]}},"_links":{"self":[{"href":"https:\/\/laloba.pl\/kosmetyka\/wp-json\/wp\/v2\/product\/9176"}],"collection":[{"href":"https:\/\/laloba.pl\/kosmetyka\/wp-json\/wp\/v2\/product"}],"about":[{"href":"https:\/\/laloba.pl\/kosmetyka\/wp-json\/wp\/v2\/types\/product"}],"replies":[{"embeddable":true,"href":"https:\/\/laloba.pl\/kosmetyka\/wp-json\/wp\/v2\/comments?post=9176"}],"wp:featuredmedia":[{"embeddable":true,"href":"https:\/\/laloba.pl\/kosmetyka\/wp-json\/wp\/v2\/media\/9177"}],"wp:attachment":[{"href":"https:\/\/laloba.pl\/kosmetyka\/wp-json\/wp\/v2\/media?parent=9176"}],"wp:term":[{"taxonomy":"product_cat","embeddable":true,"href":"https:\/\/laloba.pl\/kosmetyka\/wp-json\/wp\/v2\/product_cat?post=9176"},{"taxonomy":"product_tag","embeddable":true,"href":"https:\/\/laloba.pl\/kosmetyka\/wp-json\/wp\/v2\/product_tag?post=9176"}],"curies":[{"name":"wp","href":"https:\/\/api.w.org\/{rel}","templated":true}]}}